{"id":4368,"date":"2020-07-09T14:15:10","date_gmt":"2020-07-09T12:15:10","guid":{"rendered":"https:\/\/leclosduboisplage.com\/?page_id=4368"},"modified":"2024-03-26T16:20:39","modified_gmt":"2024-03-26T15:20:39","slug":"reserver","status":"publish","type":"page","link":"https:\/\/leclosduboisplage.com\/en\/bois-plage-ile-de-re-chambres-d-hotes-maison-d-hotes\/reserver\/","title":{"rendered":"BOOK"},"content":{"rendered":"<div data-elementor-type=\"wp-page\" data-elementor-id=\"4368\" class=\"elementor elementor-4368\">\n\t\t\t\t\t\t<section class=\"elementor-section elementor-top-section elementor-element elementor-element-23552af elementor-section-height-min-height elementor-section-full_width elementor-section-height-default elementor-section-items-middle\" data-id=\"23552af\" data-element_type=\"section\" data-e-type=\"section\" data-settings=\"{&quot;background_background&quot;:&quot;classic&quot;}\">\n\t\t\t\t\t\t\t<div class=\"elementor-background-overlay\"><\/div>\n\t\t\t\t\t\t\t<div class=\"elementor-container elementor-column-gap-default\">\n\t\t\t\t\t<div class=\"elementor-column elementor-col-100 elementor-top-column elementor-element elementor-element-53b1658\" data-id=\"53b1658\" data-element_type=\"column\" data-e-type=\"column\">\n\t\t\t<div class=\"elementor-widget-wrap elementor-element-populated\">\n\t\t\t\t\t\t<div class=\"elementor-element elementor-element-041c62e elementor-widget elementor-widget-spacer\" data-id=\"041c62e\" data-element_type=\"widget\" data-e-type=\"widget\" data-widget_type=\"spacer.default\">\n\t\t\t\t<div class=\"elementor-widget-container\">\n\t\t\t\t\t\t\t<div class=\"elementor-spacer\">\n\t\t\t<div class=\"elementor-spacer-inner\"><\/div>\n\t\t<\/div>\n\t\t\t\t\t\t<\/div>\n\t\t\t\t<\/div>\n\t\t\t\t<div class=\"elementor-element elementor-element-9613458 elementor-view-default elementor-position-top elementor-widget elementor-widget-themo-header\" data-id=\"9613458\" data-element_type=\"widget\" data-e-type=\"widget\" data-widget_type=\"themo-header.default\">\n\t\t\t\t<div class=\"elementor-widget-container\">\n\t\t\t\t\t\t\t<div class=\"th-header-wrap\">\n        <div class=\"elementor-icon-box-wrapper\">\n                            <div class=\"elementor-icon-box-content\">\n                    <h1 class=\"elementor-icon-box-title\">\n                         Check availability                    <\/h1>\n                                        <p class=\"elementor-icon-box-description\"><\/p>\n\n                                    <\/div>\n            <\/div>\n\n        <\/div>\n\n\t\t\t\t\t\t<\/div>\n\t\t\t\t<\/div>\n\t\t\t\t\t<\/div>\n\t\t<\/div>\n\t\t\t\t\t<\/div>\n\t\t<\/section>\n\t\t\t\t<section class=\"elementor-section elementor-top-section elementor-element elementor-element-2f3e245 elementor-section-boxed elementor-section-height-default elementor-section-height-default\" data-id=\"2f3e245\" data-element_type=\"section\" data-e-type=\"section\" data-settings=\"{&quot;background_background&quot;:&quot;classic&quot;}\">\n\t\t\t\t\t\t<div class=\"elementor-container elementor-column-gap-default\">\n\t\t\t\t\t<div class=\"elementor-column elementor-col-100 elementor-top-column elementor-element elementor-element-c76a424\" data-id=\"c76a424\" data-element_type=\"column\" data-e-type=\"column\">\n\t\t\t<div class=\"elementor-widget-wrap elementor-element-populated\">\n\t\t\t\t\t\t<div class=\"elementor-element elementor-element-67d859a elementor-widget elementor-widget-heading\" data-id=\"67d859a\" data-element_type=\"widget\" data-e-type=\"widget\" data-widget_type=\"heading.default\">\n\t\t\t\t<div class=\"elementor-widget-container\">\n\t\t\t\t\t<h2 class=\"elementor-heading-title elementor-size-medium\"> Check availability<\/h2>\t\t\t\t<\/div>\n\t\t\t\t<\/div>\n\t\t\t\t<div class=\"elementor-element elementor-element-940b80f elementor-widget elementor-widget-themo-mphb-search-form\" data-id=\"940b80f\" data-element_type=\"widget\" data-e-type=\"widget\" data-widget_type=\"themo-mphb-search-form.default\">\n\t\t\t\t<div class=\"elementor-widget-container\">\n\t\t\t\t\t        <div class=\"th-fo-form  th-centered th-conversion  th-btn-form btn-standard-primary-form\"><div class=\"mphb_sc_search-wrapper  frm_forms with_frm_style\">\n<form method=\"GET\" class=\"mphb_sc_search-form\" action=\"https:\/\/leclosduboisplage.com\/en\/booking-confirmation\/search-results\/\" data-first_available_check_in_date=\"2026-05-11\" data-trp-original-action=\"https:\/\/leclosduboisplage.com\/en\/booking-confirmation\/search-results\/\">\n\n\t<p class = \"mphb-required-fields-tip\">\n\t<small>\n\t\tRequired fields are followed by\t\t<abbr title=\"required\">*<\/abbr>\n\t<\/small>\n<\/p>\n\n\t<p class=\"mphb_sc_search-check-in-date frm_form_field\">\n\t\t<label for=\"mphb_check_in_date-mphb-search-form-6a01f57131505\">\n\t\t\tCheck-in\t\t\t<abbr title=\"Formatted as dd\/mm\/yyyy\">*<\/abbr>\n\t\t<\/label>\n\t\t<br \/>\n\t\t<input\n\t\t\tid=\"mphb_check_in_date-mphb-search-form-6a01f57131505\"\n\t\t\tdata-datepick-group=\"mphb-search-form-6a01f57131505\"\n\t\t\tvalue=\"\"\n\t\t\tplaceholder=\"Check-in Date\"\n\t\t\trequired=\"required\"\n\t\t\ttype=\"text\"\n\t\t\tinputmode=\"none\"\n\t\t\tname=\"mphb_check_in_date\"\n\t\t\tclass=\"mphb-datepick\"\n\t\t\tautocomplete=\"off\"\n\t\t\t\/>\n\t<\/p>\n\n\t<p class=\"mphb_sc_search-check-out-date frm_form_field\">\n\t\t<label for=\"mphb_check_out_date-mphb-search-form-6a01f57131505\">\n\t\t\tCheck-out\t\t\t<abbr title=\"Formatted as dd\/mm\/yyyy\">*<\/abbr>\n\t\t<\/label>\n\t\t<br \/>\n\t\t<input\n\t\t\tid=\"mphb_check_out_date-mphb-search-form-6a01f57131505\"\n\t\t\tdata-datepick-group=\"mphb-search-form-6a01f57131505\"\n\t\t\tvalue=\"\"\n\t\t\tplaceholder=\"Check-out Date\"\n\t\t\trequired=\"required\"\n\t\t\ttype=\"text\"\n\t\t\tinputmode=\"none\"\n\t\t\tname=\"mphb_check_out_date\"\n\t\t\tclass=\"mphb-datepick\"\n\t\t\tautocomplete=\"off\"\n\t\t\t\/>\n\t<\/p>\n\n\t\t\t<input type=\"hidden\" id=\"mphb_adults-mphb-search-form-6a01f57131505\" name=\"mphb_adults\" value=\"1\" \/>\n\t\n\t\t\t<input type=\"hidden\" id=\"mphb_children-mphb-search-form-6a01f57131505\" name=\"mphb_children\" value=\"0\" \/>\n\t\n\t\n\t\n\t<input id=\"mphb_check_in_date-mphb-search-form-6a01f57131505-hidden\" value=\"\" type=\"hidden\" name=\"mphb_check_in_date\" \/><input id=\"mphb_check_out_date-mphb-search-form-6a01f57131505-hidden\" value=\"\" type=\"hidden\" name=\"mphb_check_out_date\" \/>\n\t<p class=\"mphb_sc_search-submit-button-wrapper frm_submit\">\n\t\t<input type=\"submit\" class=\"button\" value=\"Search\"\/>\n\t<\/p>\n\n\t\n<input type=\"hidden\" name=\"trp-form-language\" value=\"en\"\/><\/form>\n<\/div><\/div>\n        \t\t\t\t<\/div>\n\t\t\t\t<\/div>\n\t\t\t\t\t<\/div>\n\t\t<\/div>\n\t\t\t\t\t<\/div>\n\t\t<\/section>\n\t\t\t\t<section class=\"elementor-section elementor-top-section elementor-element elementor-element-92b0b72 elementor-section-stretched elementor-section-full_width elementor-section-height-default elementor-section-height-default\" data-id=\"92b0b72\" data-element_type=\"section\" data-e-type=\"section\" data-settings=\"{&quot;stretch_section&quot;:&quot;section-stretched&quot;}\">\n\t\t\t\t\t\t<div class=\"elementor-container elementor-column-gap-default\">\n\t\t\t\t\t<div class=\"elementor-column elementor-col-100 elementor-top-column elementor-element elementor-element-ed5ff47\" data-id=\"ed5ff47\" data-element_type=\"column\" data-e-type=\"column\">\n\t\t\t<div class=\"elementor-widget-wrap elementor-element-populated\">\n\t\t\t\t\t\t<div class=\"elementor-element elementor-element-afcc2da elementor-widget elementor-widget-google_maps\" data-id=\"afcc2da\" data-element_type=\"widget\" data-e-type=\"widget\" data-widget_type=\"google_maps.default\">\n\t\t\t\t<div class=\"elementor-widget-container\">\n\t\t\t\t\t\t\t<div class=\"elementor-custom-embed\">\n\t\t\t<iframe loading=\"lazy\"\n\t\t\t\t\tsrc=\"https:\/\/maps.google.com\/maps?q=121%20rue%20Raise%20Maritaise%2017580%20le%20Bois%20Plage%20en%20R%C3%A9%20Ile%20de%20R%C3%A9&#038;t=m&#038;z=10&#038;output=embed&#038;iwloc=near\"\n\t\t\t\t\ttitle=\"121 rue Raise Maritaise 17580 le Bois Plage en R\u00e9 Ile de R\u00e9\"\n\t\t\t\t\taria-label=\"121 rue Raise Maritaise 17580 le Bois Plage en R\u00e9 Ile de R\u00e9\"\n\t\t\t><\/iframe>\n\t\t<\/div>\n\t\t\t\t\t\t<\/div>\n\t\t\t\t<\/div>\n\t\t\t\t\t<\/div>\n\t\t<\/div>\n\t\t\t\t\t<\/div>\n\t\t<\/section>\n\t\t\t\t<\/div>","protected":false},"excerpt":{"rendered":"<p>Recherche de disponibilit\u00e9 Recherche de disponibilit\u00e9<\/p>","protected":false},"author":1,"featured_media":0,"parent":116,"menu_order":0,"comment_status":"closed","ping_status":"closed","template":"","meta":{"footnotes":""},"class_list":["post-4368","page","type-page","status-publish","hentry"],"yoast_head":"<!-- This site is optimized with the Yoast SEO plugin v27.5 - https:\/\/yoast.com\/product\/yoast-seo-wordpress\/ -->\n<title>R\u00e9server - le clos du bois plage Maison d&#039;h\u00f4tes ile de r\u00e9 R\u00e9server<\/title>\n<meta name=\"description\" content=\"Magnifique maison R\u00e9taise, d\u00e9cor\u00e9e avec go\u00fbt, \u00e0 quelques pas d\u2019une des plus grande plage de l\u2019 \u00eele. Venez vous d\u00e9tendre au bord de cette superbe piscine chauff\u00e9e, \u00e0 l\u2019ombre de nos Oliviers. Vous pourrez prendre votre petit d\u00e9jeuner dans votre patio privatif ou profiter du coucher du soleil au bord de la piscine.\" \/>\n<meta name=\"robots\" content=\"index, follow, max-snippet:-1, max-image-preview:large, max-video-preview:-1\" \/>\n<link rel=\"canonical\" href=\"https:\/\/leclosduboisplage.com\/en\/bois-plage-ile-de-re-chambres-d-hotes-maison-d-hotes\/reserver\/\" \/>\n<meta property=\"og:locale\" content=\"en_GB\" \/>\n<meta property=\"og:type\" content=\"article\" \/>\n<meta property=\"og:title\" content=\"R\u00e9server - le clos du bois plage Maison d&#039;h\u00f4tes ile de r\u00e9 R\u00e9server\" \/>\n<meta property=\"og:description\" content=\"Magnifique maison R\u00e9taise, d\u00e9cor\u00e9e avec go\u00fbt, \u00e0 quelques pas d\u2019une des plus grande plage de l\u2019 \u00eele. Venez vous d\u00e9tendre au bord de cette superbe piscine chauff\u00e9e, \u00e0 l\u2019ombre de nos Oliviers. Vous pourrez prendre votre petit d\u00e9jeuner dans votre patio privatif ou profiter du coucher du soleil au bord de la piscine.\" \/>\n<meta property=\"og:url\" content=\"https:\/\/leclosduboisplage.com\/en\/bois-plage-ile-de-re-chambres-d-hotes-maison-d-hotes\/reserver\/\" \/>\n<meta property=\"og:site_name\" content=\"le clos du bois plage\" \/>\n<meta property=\"article:publisher\" content=\"https:\/\/www.facebook.com\/Leclosduboisplage-106994337750617\/?view_public_for=106994337750617\" \/>\n<meta property=\"article:modified_time\" content=\"2024-03-26T15:20:39+00:00\" \/>\n<meta property=\"og:image\" content=\"https:\/\/leclosduboisplage.com\/wp-content\/uploads\/2021\/07\/chambres-hotes-ile-de-re-3.jpg\" \/>\n\t<meta property=\"og:image:width\" content=\"1100\" \/>\n\t<meta property=\"og:image:height\" content=\"733\" \/>\n\t<meta property=\"og:image:type\" content=\"image\/jpeg\" \/>\n<meta name=\"twitter:label1\" content=\"Estimated reading time\" \/>\n\t<meta name=\"twitter:data1\" content=\"1 minute\" \/>\n<script type=\"application\/ld+json\" class=\"yoast-schema-graph\">{\"@context\":\"https:\\\/\\\/schema.org\",\"@graph\":[{\"@type\":\"WebPage\",\"@id\":\"https:\\\/\\\/leclosduboisplage.com\\\/bois-plage-ile-de-re-chambres-d-hotes-maison-d-hotes\\\/reserver\\\/\",\"url\":\"https:\\\/\\\/leclosduboisplage.com\\\/bois-plage-ile-de-re-chambres-d-hotes-maison-d-hotes\\\/reserver\\\/\",\"name\":\"R\u00e9server - le clos du bois plage Maison d'h\u00f4tes ile de r\u00e9 R\u00e9server\",\"isPartOf\":{\"@id\":\"https:\\\/\\\/leclosduboisplage.com\\\/#website\"},\"datePublished\":\"2020-07-09T12:15:10+00:00\",\"dateModified\":\"2024-03-26T15:20:39+00:00\",\"description\":\"Magnifique maison R\u00e9taise, d\u00e9cor\u00e9e avec go\u00fbt, \u00e0 quelques pas d\u2019une des plus grande plage de l\u2019 \u00eele. Venez vous d\u00e9tendre au bord de cette superbe piscine chauff\u00e9e, \u00e0 l\u2019ombre de nos Oliviers. Vous pourrez prendre votre petit d\u00e9jeuner dans votre patio privatif ou profiter du coucher du soleil au bord de la piscine.\",\"breadcrumb\":{\"@id\":\"https:\\\/\\\/leclosduboisplage.com\\\/bois-plage-ile-de-re-chambres-d-hotes-maison-d-hotes\\\/reserver\\\/#breadcrumb\"},\"inLanguage\":\"en-GB\",\"potentialAction\":[{\"@type\":\"ReadAction\",\"target\":[\"https:\\\/\\\/leclosduboisplage.com\\\/bois-plage-ile-de-re-chambres-d-hotes-maison-d-hotes\\\/reserver\\\/\"]}]},{\"@type\":\"BreadcrumbList\",\"@id\":\"https:\\\/\\\/leclosduboisplage.com\\\/bois-plage-ile-de-re-chambres-d-hotes-maison-d-hotes\\\/reserver\\\/#breadcrumb\",\"itemListElement\":[{\"@type\":\"ListItem\",\"position\":1,\"name\":\"Maison d\u2019h\u00f4tes \u00eele de r\u00e9\",\"item\":\"https:\\\/\\\/leclosduboisplage.com\\\/\"},{\"@type\":\"ListItem\",\"position\":2,\"name\":\"Le Clos du Bois Plage &#8211; Maison d&rsquo;h\u00f4tes \u00eele de r\u00e9\",\"item\":\"https:\\\/\\\/leclosduboisplage.com\\\/\"},{\"@type\":\"ListItem\",\"position\":3,\"name\":\"R\u00e9server\"}]},{\"@type\":\"WebSite\",\"@id\":\"https:\\\/\\\/leclosduboisplage.com\\\/#website\",\"url\":\"https:\\\/\\\/leclosduboisplage.com\\\/\",\"name\":\"le clos du bois plage\",\"description\":\"Nouvelle maison d&#039;h\u00f4tes \u00e0 Bois Plage en R\u00e9. Lieu d&#039;exception\",\"publisher\":{\"@id\":\"https:\\\/\\\/leclosduboisplage.com\\\/#organization\"},\"alternateName\":\"chambres-d-hotes-maison-d-hotes-ile-de-r\u00e9\",\"potentialAction\":[{\"@type\":\"SearchAction\",\"target\":{\"@type\":\"EntryPoint\",\"urlTemplate\":\"https:\\\/\\\/leclosduboisplage.com\\\/?s={search_term_string}\"},\"query-input\":{\"@type\":\"PropertyValueSpecification\",\"valueRequired\":true,\"valueName\":\"search_term_string\"}}],\"inLanguage\":\"en-GB\"},{\"@type\":\"Organization\",\"@id\":\"https:\\\/\\\/leclosduboisplage.com\\\/#organization\",\"name\":\"Le Clos Du Bois Plage\",\"url\":\"https:\\\/\\\/leclosduboisplage.com\\\/\",\"logo\":{\"@type\":\"ImageObject\",\"inLanguage\":\"en-GB\",\"@id\":\"https:\\\/\\\/leclosduboisplage.com\\\/#\\\/schema\\\/logo\\\/image\\\/\",\"url\":\"https:\\\/\\\/leclosduboisplage.com\\\/wp-content\\\/uploads\\\/2020\\\/04\\\/ICON.png\",\"contentUrl\":\"https:\\\/\\\/leclosduboisplage.com\\\/wp-content\\\/uploads\\\/2020\\\/04\\\/ICON.png\",\"width\":512,\"height\":512,\"caption\":\"Le Clos Du Bois Plage\"},\"image\":{\"@id\":\"https:\\\/\\\/leclosduboisplage.com\\\/#\\\/schema\\\/logo\\\/image\\\/\"},\"sameAs\":[\"https:\\\/\\\/www.facebook.com\\\/Leclosduboisplage-106994337750617\\\/?view_public_for=106994337750617\",\"https:\\\/\\\/www.instagram.com\\\/leclosduboisplage\"]}]}<\/script>\n<!-- \/ Yoast SEO plugin. -->","yoast_head_json":{"title":"R\u00e9server - le clos du bois plage Maison d'h\u00f4tes ile de r\u00e9 R\u00e9server","description":"Discover this splendid \u00eele de R\u00e9 house, tastefully decorated in the village of Le Bois Plage en R\u00e9 a stone\u2019s throw from one of the largest beaches of the island. Come and relax by this superb heated pool, beneath the shady olive trees. You can have breakfast in your private patio or enjoy the sunset by the pool.","robots":{"index":"index","follow":"follow","max-snippet":"max-snippet:-1","max-image-preview":"max-image-preview:large","max-video-preview":"max-video-preview:-1"},"canonical":"https:\/\/leclosduboisplage.com\/en\/bois-plage-ile-de-re-chambres-d-hotes-maison-d-hotes\/reserver\/","og_locale":"en_GB","og_type":"article","og_title":"R\u00e9server - le clos du bois plage Maison d'h\u00f4tes ile de r\u00e9 R\u00e9server","og_description":"Magnifique maison R\u00e9taise, d\u00e9cor\u00e9e avec go\u00fbt, \u00e0 quelques pas d\u2019une des plus grande plage de l\u2019 \u00eele. Venez vous d\u00e9tendre au bord de cette superbe piscine chauff\u00e9e, \u00e0 l\u2019ombre de nos Oliviers. Vous pourrez prendre votre petit d\u00e9jeuner dans votre patio privatif ou profiter du coucher du soleil au bord de la piscine.","og_url":"https:\/\/leclosduboisplage.com\/en\/bois-plage-ile-de-re-chambres-d-hotes-maison-d-hotes\/reserver\/","og_site_name":"le clos du bois plage","article_publisher":"https:\/\/www.facebook.com\/Leclosduboisplage-106994337750617\/?view_public_for=106994337750617","article_modified_time":"2024-03-26T15:20:39+00:00","og_image":[{"width":1100,"height":733,"url":"https:\/\/leclosduboisplage.com\/wp-content\/uploads\/2021\/07\/chambres-hotes-ile-de-re-3.jpg","type":"image\/jpeg"}],"twitter_misc":{"Estimated reading time":"1 minute"},"schema":{"@context":"https:\/\/schema.org","@graph":[{"@type":"WebPage","@id":"https:\/\/leclosduboisplage.com\/bois-plage-ile-de-re-chambres-d-hotes-maison-d-hotes\/reserver\/","url":"https:\/\/leclosduboisplage.com\/bois-plage-ile-de-re-chambres-d-hotes-maison-d-hotes\/reserver\/","name":"R\u00e9server - le clos du bois plage Maison d'h\u00f4tes ile de r\u00e9 R\u00e9server","isPartOf":{"@id":"https:\/\/leclosduboisplage.com\/#website"},"datePublished":"2020-07-09T12:15:10+00:00","dateModified":"2024-03-26T15:20:39+00:00","description":"Discover this splendid \u00eele de R\u00e9 house, tastefully decorated in the village of Le Bois Plage en R\u00e9 a stone\u2019s throw from one of the largest beaches of the island. Come and relax by this superb heated pool, beneath the shady olive trees. You can have breakfast in your private patio or enjoy the sunset by the pool.","breadcrumb":{"@id":"https:\/\/leclosduboisplage.com\/bois-plage-ile-de-re-chambres-d-hotes-maison-d-hotes\/reserver\/#breadcrumb"},"inLanguage":"en-GB","potentialAction":[{"@type":"ReadAction","target":["https:\/\/leclosduboisplage.com\/bois-plage-ile-de-re-chambres-d-hotes-maison-d-hotes\/reserver\/"]}]},{"@type":"BreadcrumbList","@id":"https:\/\/leclosduboisplage.com\/bois-plage-ile-de-re-chambres-d-hotes-maison-d-hotes\/reserver\/#breadcrumb","itemListElement":[{"@type":"ListItem","position":1,"name":"Maison d\u2019h\u00f4tes \u00eele de r\u00e9","item":"https:\/\/leclosduboisplage.com\/"},{"@type":"ListItem","position":2,"name":"Le Clos du Bois Plage &#8211; Maison d&rsquo;h\u00f4tes \u00eele de r\u00e9","item":"https:\/\/leclosduboisplage.com\/"},{"@type":"ListItem","position":3,"name":"R\u00e9server"}]},{"@type":"WebSite","@id":"https:\/\/leclosduboisplage.com\/#website","url":"https:\/\/leclosduboisplage.com\/","name":"le clos du bois plage","description":"Nouvelle maison d&#039;h\u00f4tes \u00e0 Bois Plage en R\u00e9. Lieu d&#039;exception","publisher":{"@id":"https:\/\/leclosduboisplage.com\/#organization"},"alternateName":"chambres-d-hotes-maison-d-hotes-ile-de-r\u00e9","potentialAction":[{"@type":"SearchAction","target":{"@type":"EntryPoint","urlTemplate":"https:\/\/leclosduboisplage.com\/?s={search_term_string}"},"query-input":{"@type":"PropertyValueSpecification","valueRequired":true,"valueName":"search_term_string"}}],"inLanguage":"en-GB"},{"@type":"Organization","@id":"https:\/\/leclosduboisplage.com\/#organization","name":"Le Clos Du Bois Plage","url":"https:\/\/leclosduboisplage.com\/","logo":{"@type":"ImageObject","inLanguage":"en-GB","@id":"https:\/\/leclosduboisplage.com\/#\/schema\/logo\/image\/","url":"https:\/\/leclosduboisplage.com\/wp-content\/uploads\/2020\/04\/ICON.png","contentUrl":"https:\/\/leclosduboisplage.com\/wp-content\/uploads\/2020\/04\/ICON.png","width":512,"height":512,"caption":"Le Clos Du Bois Plage"},"image":{"@id":"https:\/\/leclosduboisplage.com\/#\/schema\/logo\/image\/"},"sameAs":["https:\/\/www.facebook.com\/Leclosduboisplage-106994337750617\/?view_public_for=106994337750617","https:\/\/www.instagram.com\/leclosduboisplage"]}]}},"_links":{"self":[{"href":"https:\/\/leclosduboisplage.com\/en\/wp-json\/wp\/v2\/pages\/4368","targetHints":{"allow":["GET"]}}],"collection":[{"href":"https:\/\/leclosduboisplage.com\/en\/wp-json\/wp\/v2\/pages"}],"about":[{"href":"https:\/\/leclosduboisplage.com\/en\/wp-json\/wp\/v2\/types\/page"}],"author":[{"embeddable":true,"href":"https:\/\/leclosduboisplage.com\/en\/wp-json\/wp\/v2\/users\/1"}],"replies":[{"embeddable":true,"href":"https:\/\/leclosduboisplage.com\/en\/wp-json\/wp\/v2\/comments?post=4368"}],"version-history":[{"count":0,"href":"https:\/\/leclosduboisplage.com\/en\/wp-json\/wp\/v2\/pages\/4368\/revisions"}],"up":[{"embeddable":true,"href":"https:\/\/leclosduboisplage.com\/en\/wp-json\/wp\/v2\/pages\/116"}],"wp:attachment":[{"href":"https:\/\/leclosduboisplage.com\/en\/wp-json\/wp\/v2\/media?parent=4368"}],"curies":[{"name":"wp","href":"https:\/\/api.w.org\/{rel}","templated":true}]}}