{"id":4348,"date":"2020-07-09T13:56:17","date_gmt":"2020-07-09T11:56:17","guid":{"rendered":"https:\/\/leclosduboisplage.com\/?page_id=4348"},"modified":"2024-03-21T11:39:22","modified_gmt":"2024-03-21T10:39:22","slug":"tarifs","status":"publish","type":"page","link":"https:\/\/leclosduboisplage.com\/en\/tarifs\/","title":{"rendered":"Tarifs-Maison h\u00f4te \u00eele de r\u00e9"},"content":{"rendered":"<div data-elementor-type=\"wp-page\" data-elementor-id=\"4348\" class=\"elementor elementor-4348\">\n\t\t\t\t\t\t<section class=\"elementor-section elementor-top-section elementor-element elementor-element-ea5bd3b elementor-section-height-min-height elementor-section-full_width elementor-section-height-default elementor-section-items-middle\" data-id=\"ea5bd3b\" data-element_type=\"section\" data-e-type=\"section\" data-settings=\"{&quot;background_background&quot;:&quot;classic&quot;}\">\n\t\t\t\t\t\t\t<div class=\"elementor-background-overlay\"><\/div>\n\t\t\t\t\t\t\t<div class=\"elementor-container elementor-column-gap-default\">\n\t\t\t\t\t<div class=\"elementor-column elementor-col-100 elementor-top-column elementor-element elementor-element-695bb93\" data-id=\"695bb93\" data-element_type=\"column\" data-e-type=\"column\">\n\t\t\t<div class=\"elementor-widget-wrap elementor-element-populated\">\n\t\t\t\t\t\t<div class=\"elementor-element elementor-element-473f2b8 elementor-widget elementor-widget-spacer\" data-id=\"473f2b8\" data-element_type=\"widget\" data-e-type=\"widget\" data-widget_type=\"spacer.default\">\n\t\t\t\t<div class=\"elementor-widget-container\">\n\t\t\t\t\t\t\t<div class=\"elementor-spacer\">\n\t\t\t<div class=\"elementor-spacer-inner\"><\/div>\n\t\t<\/div>\n\t\t\t\t\t\t<\/div>\n\t\t\t\t<\/div>\n\t\t\t\t<div class=\"elementor-element elementor-element-7486ceb elementor-view-default elementor-position-top elementor-widget elementor-widget-themo-header\" data-id=\"7486ceb\" data-element_type=\"widget\" data-e-type=\"widget\" data-widget_type=\"themo-header.default\">\n\t\t\t\t<div class=\"elementor-widget-container\">\n\t\t\t\t\t\t\t<div class=\"th-header-wrap\">\n        <div class=\"elementor-icon-box-wrapper\">\n                            <div class=\"elementor-icon-box-content\">\n                    <h1 class=\"elementor-icon-box-title\">\n                         Check availability                    <\/h1>\n                                        <p class=\"elementor-icon-box-description\"><\/p>\n\n                                    <\/div>\n            <\/div>\n\n        <\/div>\n\n\t\t\t\t\t\t<\/div>\n\t\t\t\t<\/div>\n\t\t\t\t\t<\/div>\n\t\t<\/div>\n\t\t\t\t\t<\/div>\n\t\t<\/section>\n\t\t\t\t<section class=\"elementor-section elementor-top-section elementor-element elementor-element-c96c478 elementor-section-boxed elementor-section-height-default elementor-section-height-default\" data-id=\"c96c478\" data-element_type=\"section\" data-e-type=\"section\">\n\t\t\t\t\t\t<div class=\"elementor-container elementor-column-gap-default\">\n\t\t\t\t\t<div class=\"elementor-column elementor-col-100 elementor-top-column elementor-element elementor-element-857cc24\" data-id=\"857cc24\" data-element_type=\"column\" data-e-type=\"column\">\n\t\t\t<div class=\"elementor-widget-wrap elementor-element-populated\">\n\t\t\t\t\t\t<div class=\"elementor-element elementor-element-ad5689c elementor-widget elementor-widget-themo-pricing\" data-id=\"ad5689c\" data-element_type=\"widget\" data-e-type=\"widget\" data-widget_type=\"themo-pricing.default\">\n\t\t\t\t<div class=\"elementor-widget-container\">\n\t\t\t\t\t\n\t\t<div class=\"th-pricing-table th-one-col\">\n\n\t\t\t<div class=\"row\">\n\n\t\t\t\t\n                    \n                    <div class=\"elementor-repeater-item-cf7d9c2 th-pricing-column th-highlight col-sm-6 col-sm-offset-3\">\n\n\t                    \t\t\t\t\t\t\t<div class=\"th-pricing-title\">Rates <\/div>\n\t                    \n\t                    \t                        <div class=\"th-pricing-sub-title\">Adults only<\/div>\n\t                    \n\t                    \t                        <div class=\"th-pricing-cost\">\n\t                            Low season 280 \u20ac \/ night TTC - High season 350 \u20ac \/ night TTC - Breakfast included <span><\/span>\n\t                        <\/div>\n\t                    \n\t                    \t\t\t\t\t\t\t<div class=\"th-pricing-features\">\n\t\t\t\t\t\t\t\t<ul>\n\t\t\t\t\t\t\t\t\t<li>Private suite of 35m2 with bathroom<\/li>\n<li>Private patio of 20m2 - swimming pool - Garden<\/li>\n<li>High speed Wifi<\/li>\n<li>Free private and secure parking area<\/li>\n<li>Free private safe<\/li>\n<li>Minibar<\/li>\n<li>Bicycle loan<\/li>\n<li>House linen<\/li>\t\t\t\t\t\t\t\t<\/ul>\n\t\t\t\t\t\t\t<\/div>\n\t                    \n\n                        \n                        <div class=\"th-btn-wrap\">\n\t\t\t\t\t\t\t\t                            \n                                                                            <a class=\"btn-1 btn th-btn btn-ghost-light\" href=\"https:\/\/leclosduboisplage.com\/en\/#rooms\">\n                                                                                            SEE THE SUITES                                                                                    <\/a>\n                                    \t                            \t                            \t\t\t\t\t\t\t                        <\/div>\n\n\t\t\t\t\t<\/div>\n\n\t\t\t\t\n\t\t\t<\/div>\n\n\t\t<\/div>\n\n\t\t\t\t\t\t<\/div>\n\t\t\t\t<\/div>\n\t\t\t\t<div class=\"elementor-element elementor-element-f76c9ce elementor-widget elementor-widget-heading\" data-id=\"f76c9ce\" data-element_type=\"widget\" data-e-type=\"widget\" data-widget_type=\"heading.default\">\n\t\t\t\t<div class=\"elementor-widget-container\">\n\t\t\t\t\t<h2 class=\"elementor-heading-title elementor-size-default\">Free cancellation up to 7 days of arrival.<\/h2>\t\t\t\t<\/div>\n\t\t\t\t<\/div>\n\t\t\t\t\t<\/div>\n\t\t<\/div>\n\t\t\t\t\t<\/div>\n\t\t<\/section>\n\t\t\t\t<\/div>","protected":false},"excerpt":{"rendered":"<p>Recherche de disponibilit\u00e9 Tarifs Adults only Basse saison 280\u20ac\/nuit TTC &#8211; Haute saison 350\u20ac\/nuit TTC &#8211; Petit d\u00e9jeuner compris Suite priv\u00e9e de 35m2 avec salle de bain tout confort Patio de 20 m2 priv\u00e9 &#8211; Piscine &#8211; Jardin Wi-fi haut &hellip; <a href=\"https:\/\/leclosduboisplage.com\/en\/tarifs\/\">Read More<\/a><\/p>","protected":false},"author":1,"featured_media":0,"parent":0,"menu_order":0,"comment_status":"closed","ping_status":"closed","template":"","meta":{"footnotes":""},"class_list":["post-4348","page","type-page","status-publish","hentry"],"yoast_head":"<!-- This site is optimized with the Yoast SEO plugin v27.5 - https:\/\/yoast.com\/product\/yoast-seo-wordpress\/ -->\n<title>Tarifs-Maison h\u00f4te \u00eele de r\u00e9 - le clos du bois plage Maison d&#039;h\u00f4tes ile de r\u00e9 Tarifs-Maison h\u00f4te \u00eele de r\u00e9<\/title>\n<meta name=\"description\" content=\"Magnifique maison R\u00e9taise, d\u00e9cor\u00e9e avec go\u00fbt, \u00e0 quelques pas d\u2019une des plus grande plage de l\u2019 \u00eele. Venez vous d\u00e9tendre au bord de cette superbe piscine chauff\u00e9e, \u00e0 l\u2019ombre de nos Oliviers. Vous pourrez prendre votre petit d\u00e9jeuner dans votre patio privatif ou profiter du coucher du soleil au bord de la piscine.\" \/>\n<meta name=\"robots\" content=\"index, follow, max-snippet:-1, max-image-preview:large, max-video-preview:-1\" \/>\n<link rel=\"canonical\" href=\"https:\/\/leclosduboisplage.com\/en\/tarifs\/\" \/>\n<meta property=\"og:locale\" content=\"en_GB\" \/>\n<meta property=\"og:type\" content=\"article\" \/>\n<meta property=\"og:title\" content=\"Tarifs-Maison h\u00f4te \u00eele de r\u00e9 - le clos du bois plage Maison d&#039;h\u00f4tes ile de r\u00e9 Tarifs-Maison h\u00f4te \u00eele de r\u00e9\" \/>\n<meta property=\"og:description\" content=\"Magnifique maison R\u00e9taise, d\u00e9cor\u00e9e avec go\u00fbt, \u00e0 quelques pas d\u2019une des plus grande plage de l\u2019 \u00eele. Venez vous d\u00e9tendre au bord de cette superbe piscine chauff\u00e9e, \u00e0 l\u2019ombre de nos Oliviers. Vous pourrez prendre votre petit d\u00e9jeuner dans votre patio privatif ou profiter du coucher du soleil au bord de la piscine.\" \/>\n<meta property=\"og:url\" content=\"https:\/\/leclosduboisplage.com\/en\/tarifs\/\" \/>\n<meta property=\"og:site_name\" content=\"le clos du bois plage\" \/>\n<meta property=\"article:publisher\" content=\"https:\/\/www.facebook.com\/Leclosduboisplage-106994337750617\/?view_public_for=106994337750617\" \/>\n<meta property=\"article:modified_time\" content=\"2024-03-21T10:39:22+00:00\" \/>\n<meta property=\"og:image\" content=\"https:\/\/leclosduboisplage.com\/wp-content\/uploads\/2021\/07\/chambres-hotes-ile-de-re-3.jpg\" \/>\n\t<meta property=\"og:image:width\" content=\"1100\" \/>\n\t<meta property=\"og:image:height\" content=\"733\" \/>\n\t<meta property=\"og:image:type\" content=\"image\/jpeg\" \/>\n<meta name=\"twitter:label1\" content=\"Estimated reading time\" \/>\n\t<meta name=\"twitter:data1\" content=\"1 minute\" \/>\n<script type=\"application\/ld+json\" class=\"yoast-schema-graph\">{\"@context\":\"https:\\\/\\\/schema.org\",\"@graph\":[{\"@type\":\"WebPage\",\"@id\":\"https:\\\/\\\/leclosduboisplage.com\\\/tarifs\\\/\",\"url\":\"https:\\\/\\\/leclosduboisplage.com\\\/tarifs\\\/\",\"name\":\"Tarifs-Maison h\u00f4te \u00eele de r\u00e9 - le clos du bois plage Maison d'h\u00f4tes ile de r\u00e9 Tarifs-Maison h\u00f4te \u00eele de r\u00e9\",\"isPartOf\":{\"@id\":\"https:\\\/\\\/leclosduboisplage.com\\\/#website\"},\"datePublished\":\"2020-07-09T11:56:17+00:00\",\"dateModified\":\"2024-03-21T10:39:22+00:00\",\"description\":\"Magnifique maison R\u00e9taise, d\u00e9cor\u00e9e avec go\u00fbt, \u00e0 quelques pas d\u2019une des plus grande plage de l\u2019 \u00eele. Venez vous d\u00e9tendre au bord de cette superbe piscine chauff\u00e9e, \u00e0 l\u2019ombre de nos Oliviers. Vous pourrez prendre votre petit d\u00e9jeuner dans votre patio privatif ou profiter du coucher du soleil au bord de la piscine.\",\"breadcrumb\":{\"@id\":\"https:\\\/\\\/leclosduboisplage.com\\\/tarifs\\\/#breadcrumb\"},\"inLanguage\":\"en-GB\",\"potentialAction\":[{\"@type\":\"ReadAction\",\"target\":[\"https:\\\/\\\/leclosduboisplage.com\\\/tarifs\\\/\"]}]},{\"@type\":\"BreadcrumbList\",\"@id\":\"https:\\\/\\\/leclosduboisplage.com\\\/tarifs\\\/#breadcrumb\",\"itemListElement\":[{\"@type\":\"ListItem\",\"position\":1,\"name\":\"Maison d\u2019h\u00f4tes \u00eele de r\u00e9\",\"item\":\"https:\\\/\\\/leclosduboisplage.com\\\/\"},{\"@type\":\"ListItem\",\"position\":2,\"name\":\"Tarifs-Maison h\u00f4te \u00eele de r\u00e9\"}]},{\"@type\":\"WebSite\",\"@id\":\"https:\\\/\\\/leclosduboisplage.com\\\/#website\",\"url\":\"https:\\\/\\\/leclosduboisplage.com\\\/\",\"name\":\"le clos du bois plage\",\"description\":\"Nouvelle maison d&#039;h\u00f4tes \u00e0 Bois Plage en R\u00e9. Lieu d&#039;exception\",\"publisher\":{\"@id\":\"https:\\\/\\\/leclosduboisplage.com\\\/#organization\"},\"alternateName\":\"chambres-d-hotes-maison-d-hotes-ile-de-r\u00e9\",\"potentialAction\":[{\"@type\":\"SearchAction\",\"target\":{\"@type\":\"EntryPoint\",\"urlTemplate\":\"https:\\\/\\\/leclosduboisplage.com\\\/?s={search_term_string}\"},\"query-input\":{\"@type\":\"PropertyValueSpecification\",\"valueRequired\":true,\"valueName\":\"search_term_string\"}}],\"inLanguage\":\"en-GB\"},{\"@type\":\"Organization\",\"@id\":\"https:\\\/\\\/leclosduboisplage.com\\\/#organization\",\"name\":\"Le Clos Du Bois Plage\",\"url\":\"https:\\\/\\\/leclosduboisplage.com\\\/\",\"logo\":{\"@type\":\"ImageObject\",\"inLanguage\":\"en-GB\",\"@id\":\"https:\\\/\\\/leclosduboisplage.com\\\/#\\\/schema\\\/logo\\\/image\\\/\",\"url\":\"https:\\\/\\\/leclosduboisplage.com\\\/wp-content\\\/uploads\\\/2020\\\/04\\\/ICON.png\",\"contentUrl\":\"https:\\\/\\\/leclosduboisplage.com\\\/wp-content\\\/uploads\\\/2020\\\/04\\\/ICON.png\",\"width\":512,\"height\":512,\"caption\":\"Le Clos Du Bois Plage\"},\"image\":{\"@id\":\"https:\\\/\\\/leclosduboisplage.com\\\/#\\\/schema\\\/logo\\\/image\\\/\"},\"sameAs\":[\"https:\\\/\\\/www.facebook.com\\\/Leclosduboisplage-106994337750617\\\/?view_public_for=106994337750617\",\"https:\\\/\\\/www.instagram.com\\\/leclosduboisplage\"]}]}<\/script>\n<!-- \/ Yoast SEO plugin. -->","yoast_head_json":{"title":"Tarifs-Maison h\u00f4te \u00eele de r\u00e9 - le clos du bois plage Maison d'h\u00f4tes ile de r\u00e9 Tarifs-Maison h\u00f4te \u00eele de r\u00e9","description":"Discover this splendid \u00eele de R\u00e9 house, tastefully decorated in the village of Le Bois Plage en R\u00e9 a stone\u2019s throw from one of the largest beaches of the island. Come and relax by this superb heated pool, beneath the shady olive trees. You can have breakfast in your private patio or enjoy the sunset by the pool.","robots":{"index":"index","follow":"follow","max-snippet":"max-snippet:-1","max-image-preview":"max-image-preview:large","max-video-preview":"max-video-preview:-1"},"canonical":"https:\/\/leclosduboisplage.com\/en\/tarifs\/","og_locale":"en_GB","og_type":"article","og_title":"Tarifs-Maison h\u00f4te \u00eele de r\u00e9 - le clos du bois plage Maison d'h\u00f4tes ile de r\u00e9 Tarifs-Maison h\u00f4te \u00eele de r\u00e9","og_description":"Magnifique maison R\u00e9taise, d\u00e9cor\u00e9e avec go\u00fbt, \u00e0 quelques pas d\u2019une des plus grande plage de l\u2019 \u00eele. Venez vous d\u00e9tendre au bord de cette superbe piscine chauff\u00e9e, \u00e0 l\u2019ombre de nos Oliviers. Vous pourrez prendre votre petit d\u00e9jeuner dans votre patio privatif ou profiter du coucher du soleil au bord de la piscine.","og_url":"https:\/\/leclosduboisplage.com\/en\/tarifs\/","og_site_name":"le clos du bois plage","article_publisher":"https:\/\/www.facebook.com\/Leclosduboisplage-106994337750617\/?view_public_for=106994337750617","article_modified_time":"2024-03-21T10:39:22+00:00","og_image":[{"width":1100,"height":733,"url":"https:\/\/leclosduboisplage.com\/wp-content\/uploads\/2021\/07\/chambres-hotes-ile-de-re-3.jpg","type":"image\/jpeg"}],"twitter_misc":{"Estimated reading time":"1 minute"},"schema":{"@context":"https:\/\/schema.org","@graph":[{"@type":"WebPage","@id":"https:\/\/leclosduboisplage.com\/tarifs\/","url":"https:\/\/leclosduboisplage.com\/tarifs\/","name":"Tarifs-Maison h\u00f4te \u00eele de r\u00e9 - le clos du bois plage Maison d'h\u00f4tes ile de r\u00e9 Tarifs-Maison h\u00f4te \u00eele de r\u00e9","isPartOf":{"@id":"https:\/\/leclosduboisplage.com\/#website"},"datePublished":"2020-07-09T11:56:17+00:00","dateModified":"2024-03-21T10:39:22+00:00","description":"Discover this splendid \u00eele de R\u00e9 house, tastefully decorated in the village of Le Bois Plage en R\u00e9 a stone\u2019s throw from one of the largest beaches of the island. Come and relax by this superb heated pool, beneath the shady olive trees. You can have breakfast in your private patio or enjoy the sunset by the pool.","breadcrumb":{"@id":"https:\/\/leclosduboisplage.com\/tarifs\/#breadcrumb"},"inLanguage":"en-GB","potentialAction":[{"@type":"ReadAction","target":["https:\/\/leclosduboisplage.com\/tarifs\/"]}]},{"@type":"BreadcrumbList","@id":"https:\/\/leclosduboisplage.com\/tarifs\/#breadcrumb","itemListElement":[{"@type":"ListItem","position":1,"name":"Maison d\u2019h\u00f4tes \u00eele de r\u00e9","item":"https:\/\/leclosduboisplage.com\/"},{"@type":"ListItem","position":2,"name":"Tarifs-Maison h\u00f4te \u00eele de r\u00e9"}]},{"@type":"WebSite","@id":"https:\/\/leclosduboisplage.com\/#website","url":"https:\/\/leclosduboisplage.com\/","name":"le clos du bois plage","description":"Nouvelle maison d&#039;h\u00f4tes \u00e0 Bois Plage en R\u00e9. Lieu d&#039;exception","publisher":{"@id":"https:\/\/leclosduboisplage.com\/#organization"},"alternateName":"chambres-d-hotes-maison-d-hotes-ile-de-r\u00e9","potentialAction":[{"@type":"SearchAction","target":{"@type":"EntryPoint","urlTemplate":"https:\/\/leclosduboisplage.com\/?s={search_term_string}"},"query-input":{"@type":"PropertyValueSpecification","valueRequired":true,"valueName":"search_term_string"}}],"inLanguage":"en-GB"},{"@type":"Organization","@id":"https:\/\/leclosduboisplage.com\/#organization","name":"Le Clos Du Bois Plage","url":"https:\/\/leclosduboisplage.com\/","logo":{"@type":"ImageObject","inLanguage":"en-GB","@id":"https:\/\/leclosduboisplage.com\/#\/schema\/logo\/image\/","url":"https:\/\/leclosduboisplage.com\/wp-content\/uploads\/2020\/04\/ICON.png","contentUrl":"https:\/\/leclosduboisplage.com\/wp-content\/uploads\/2020\/04\/ICON.png","width":512,"height":512,"caption":"Le Clos Du Bois Plage"},"image":{"@id":"https:\/\/leclosduboisplage.com\/#\/schema\/logo\/image\/"},"sameAs":["https:\/\/www.facebook.com\/Leclosduboisplage-106994337750617\/?view_public_for=106994337750617","https:\/\/www.instagram.com\/leclosduboisplage"]}]}},"_links":{"self":[{"href":"https:\/\/leclosduboisplage.com\/en\/wp-json\/wp\/v2\/pages\/4348","targetHints":{"allow":["GET"]}}],"collection":[{"href":"https:\/\/leclosduboisplage.com\/en\/wp-json\/wp\/v2\/pages"}],"about":[{"href":"https:\/\/leclosduboisplage.com\/en\/wp-json\/wp\/v2\/types\/page"}],"author":[{"embeddable":true,"href":"https:\/\/leclosduboisplage.com\/en\/wp-json\/wp\/v2\/users\/1"}],"replies":[{"embeddable":true,"href":"https:\/\/leclosduboisplage.com\/en\/wp-json\/wp\/v2\/comments?post=4348"}],"version-history":[{"count":0,"href":"https:\/\/leclosduboisplage.com\/en\/wp-json\/wp\/v2\/pages\/4348\/revisions"}],"wp:attachment":[{"href":"https:\/\/leclosduboisplage.com\/en\/wp-json\/wp\/v2\/media?parent=4348"}],"curies":[{"name":"wp","href":"https:\/\/api.w.org\/{rel}","templated":true}]}}