{"id":3,"date":"2020-02-25T13:07:45","date_gmt":"2020-02-25T12:07:45","guid":{"rendered":"https:\/\/leclosduboisplage.com\/?page_id=3"},"modified":"2020-07-16T13:56:59","modified_gmt":"2020-07-16T11:56:59","slug":"politique-de-confidentialite","status":"publish","type":"page","link":"https:\/\/leclosduboisplage.com\/en\/politique-de-confidentialite\/","title":{"rendered":"POLITIQUE DE CONFIDENTIALIT\u00c9"},"content":{"rendered":"<p>&#8212;-POLITIQUE DE CONFIDENTIALIT\u00c9<\/p>\n\n\n\n<p>ARTICLE 1 \u2013 RENSEIGNEMENTS PERSONNELS RECUEILLIS<\/p>\n\n\n\n<p>Lorsque vous effectuez une r\u00e9servation sur notre site, nous recueillons les renseignements personnels que vous nous fournissez, tels que votre nom, votre adresse et votre adresse e-mail.<\/p>\n\n\n\n<p>Lorsque vous naviguez sur notre site, nous recevons \u00e9galement automatiquement l\u2019adresse de protocole Internet (adresse IP) de votre ordinateur, qui nous permet d\u2019obtenir plus de d\u00e9tails au sujet du navigateur et du syst\u00e8me d\u2019exploitation que vous utilisez.<\/p>\n\n\n\n<p>Marketing par e-mail (le cas \u00e9ch\u00e9ant) : Avec votre permission, nous pourrions vous envoyer des e-mails au sujet de notre site, de mise \u00e0 jour.<\/p>\n\n\n\n<p>ARTICLE 2 &#8211; CONSENTEMENT<\/p>\n\n\n\n<p>Comment obtenez-vous mon consentement ?<\/p>\n\n\n\n<p>Lorsque vous nous fournissez vos renseignements personnels pour conclure une transaction, nous pr\u00e9sumons que vous consentez \u00e0 ce que nous recueillions vos renseignements et \u00e0 ce que nous les utilisions \u00e0 cette fin uniquement.<\/p>\n\n\n\n<p>Si nous vous demandons de nous fournir vos renseignements personnels pour une autre raison, \u00e0 des fins de marketing par exemple, nous vous demanderons directement votre consentement explicite, ou nous vous donnerons la possibilit\u00e9 de refuser.<\/p>\n\n\n\n<p>Comment puis-je retirer mon consentement ?<\/p>\n\n\n\n<p>Si apr\u00e8s nous avoir donn\u00e9 votre consentement, vous changez d\u2019avis et ne consentez plus \u00e0 ce que nous puissions vous contacter, recueillir vos renseignements ou les divulguer, vous pouvez nous en aviser en nous contactant.<\/p>\n\n\n\n<p>ARTICLE 3 \u2013 DIVULGATION<\/p>\n\n\n\n<p>Nous pouvons divulguer vos renseignements personnels si la loi nous oblige \u00e0 le faire ou si vous violez nos Conditions G\u00e9n\u00e9rales de Vente et d\u2019Utilisation.<\/p>\n\n\n\n<p>ARTICLE 4 \u2013<\/p>\n\n\n\n<p>Notre site est h\u00e9berg\u00e9 par Infomaniak \u00e0 Gen\u00e8ve.<\/p>\n\n\n\n<p>Vos donn\u00e9es sont stock\u00e9es dans le syst\u00e8me de stockage de donn\u00e9es et les bases de donn\u00e9es du site. Vos donn\u00e9es sont conserv\u00e9es sur un serveur s\u00e9curis\u00e9 prot\u00e9g\u00e9 par un pare-feu.<\/p>\n\n\n\n<p>Paiement:<\/p>\n\n\n\n<p>Quand vous r\u00e9alisez votre achat par le biais de la passerelle de paiement s\u00e9curis\u00e9 Mercanet , cela stockera vos renseignements de carte de cr\u00e9dit. Ces renseignements sont chiffr\u00e9s conform\u00e9ment \u00e0 la norme de s\u00e9curit\u00e9 des donn\u00e9es \u00e9tablie par l\u2019industrie des cartes de paiement (norme PCI-DSS). Les renseignements relatifs \u00e0 votre transaction d\u2019achat sont conserv\u00e9s aussi longtemps que n\u00e9cessaire pour finaliser votre commande. Une fois votre commande finalis\u00e9e, les renseignements relatifs \u00e0 la transaction d\u2019achat sont supprim\u00e9s.<\/p>\n\n\n\n<p>MERCANET respecte la norme PCI-DSS, g\u00e9r\u00e9e par le conseil des normes de s\u00e9curit\u00e9 PCI, qui r\u00e9sulte de l\u2019effort conjoint d\u2019entreprises telles que Visa, MasterCard, American Express &#8230;<\/p>\n\n\n\n<p>Les exigences de la norme PCI-DSS permettent d\u2019assurer le traitement s\u00e9curis\u00e9 des donn\u00e9es de cartes de cr\u00e9dit par notre boutique et par ses prestataires de services.<\/p>\n\n\n\n<p>ARTICLE 5 \u2013 SERVICES FOURNIS PAR DES TIERS<\/p>\n\n\n\n<p>Une fois que vous quittez notre site ou que vous \u00eates redirig\u00e9 vers le site web ou l\u2019application d\u2019un tiers, vous n\u2019\u00eates plus r\u00e9gi par la pr\u00e9sente Politique de Confidentialit\u00e9 ni par les Conditions G\u00e9n\u00e9rales de Vente et d\u2019Utilisation de notre site web.<\/p>\n\n\n\n<p>ARTICLE 6 \u2013 S\u00c9CURIT\u00c9<\/p>\n\n\n\n<p>Pour prot\u00e9ger vos donn\u00e9es personnelles, nous prenons des pr\u00e9cautions raisonnables et suivons les meilleures pratiques de l\u2019industrie pour nous assurer qu\u2019elles ne soient pas perdues, d\u00e9tourn\u00e9es, consult\u00e9es, divulgu\u00e9es, modifi\u00e9es ou d\u00e9truites de mani\u00e8re inappropri\u00e9e.<\/p>\n\n\n\n<p>Si vous nous fournissez vos informations de carte de cr\u00e9dit, elles seront chiffr\u00e9es par le biais de l\u2019utilisation du protocole de s\u00e9curisation SSL et conserv\u00e9es avec un chiffrement de type AES-256. Bien qu\u2019aucune m\u00e9thode de transmission sur Internet ou de stockage \u00e9lectronique ne soit s\u00fbre \u00e0 100 %, nous suivons toutes les exigences de la norme PCI-DSS et mettons en \u0153uvre des normes suppl\u00e9mentaires g\u00e9n\u00e9ralement reconnues par l\u2019industrie.<\/p>\n\n\n\n<p>FICHIERS T\u00c9MOINS (COOKIES)<\/p>\n\n\n\n<p>Voici une liste de fichiers t\u00e9moins que nous utilisons. Nous les avons \u00e9num\u00e9r\u00e9s ici pour que vous ayez la possibilit\u00e9 de choisir si vous souhaitez les autoriser ou non.<\/p>\n\n\n\n<p>cart, identificateur unique, persiste pendant 2 semaines, stocke l\u2019information relative \u00e0 votre panier d\u2019achat.<\/p>\n\n\n\n<p>_secure_session_id, identificateur unique de session<\/p>\n\n\n\n<p>ARTICLE 7 \u2013 \u00c2GE DE CONSENTEMENT<\/p>\n\n\n\n<p>En utilisant ce site, vous d\u00e9clarez que vous avez au moins l\u2019\u00e2ge de la majorit\u00e9 dans votre \u00c9tat ou province de r\u00e9sidence, et que vous nous avez donn\u00e9 votre consentement pour permettre \u00e0 toute personne d\u2019\u00e2ge mineur \u00e0 votre charge d\u2019utiliser ce site web.<\/p>\n\n\n\n<p>ARTICLE 8 \u2013 MODIFICATIONS APPORT\u00c9ES \u00c0 LA PR\u00c9SENTE POLITIQUE DE CONFIDENTIALIT\u00c9<\/p>\n\n\n\n<p>Nous nous r\u00e9servons le droit de modifier la pr\u00e9sente politique de confidentialit\u00e9 \u00e0 tout moment, donc veuillez s\u2019il vous plait la consulter fr\u00e9quemment. Les changements et les clarifications prendront effet imm\u00e9diatement apr\u00e8s leur publication sur le site web. Si nous apportons des changements au contenu de cette politique, nous vous aviserons ici qu\u2019elle a \u00e9t\u00e9 mise \u00e0 jour, pour que vous sachiez quels renseignements nous recueillons, la mani\u00e8re dont nous les utilisons, et dans quelles circonstances nous les divulguons, s\u2019il y a lieu de le faire.<\/p>\n\n\n\n<p>Si notre site fait l\u2019objet d\u2019une acquisition par ou d\u2019une fusion avec une autre entreprise, vos renseignements pourraient \u00eatre transf\u00e9r\u00e9s aux nouveaux propri\u00e9taires pour que nous puissions continuer \u00e0 vous vendre des produits.<\/p>\n\n\n\n<p>QUESTIONS ET COORDONN\u00c9ES<\/p>\n\n\n\n<p>Si vous souhaitez: acc\u00e9der \u00e0, corriger, modifier ou supprimer toute information personnelle que nous avons \u00e0 votre sujet, d\u00e9poser une plainte, ou si vous souhaitez simplement avoir plus d\u2019informations, contactez-nous.<\/p>","protected":false},"excerpt":{"rendered":"<p>&#8212;-POLITIQUE DE CONFIDENTIALIT\u00c9 ARTICLE 1 \u2013 RENSEIGNEMENTS PERSONNELS RECUEILLIS Lorsque vous effectuez une r\u00e9servation sur notre site, nous recueillons les renseignements personnels que vous nous fournissez, tels que votre nom, votre adresse et votre adresse e-mail. Lorsque vous naviguez sur &hellip; <a href=\"https:\/\/leclosduboisplage.com\/en\/politique-de-confidentialite\/\">Read More<\/a><\/p>","protected":false},"author":1,"featured_media":0,"parent":0,"menu_order":0,"comment_status":"closed","ping_status":"closed","template":"","meta":{"footnotes":""},"class_list":["post-3","page","type-page","status-publish","hentry"],"yoast_head":"<!-- This site is optimized with the Yoast SEO plugin v27.3 - https:\/\/yoast.com\/product\/yoast-seo-wordpress\/ -->\n<title>POLITIQUE DE CONFIDENTIALIT\u00c9 - le clos du bois plage Maison d&#039;h\u00f4tes ile de r\u00e9 POLITIQUE DE CONFIDENTIALIT\u00c9<\/title>\n<meta name=\"description\" content=\"Magnifique maison R\u00e9taise, d\u00e9cor\u00e9e avec go\u00fbt, \u00e0 quelques pas d\u2019une des plus grande plage de l\u2019 \u00eele. Venez vous d\u00e9tendre au bord de cette superbe piscine chauff\u00e9e, \u00e0 l\u2019ombre de nos Oliviers. Vous pourrez prendre votre petit d\u00e9jeuner dans votre patio privatif ou profiter du coucher du soleil au bord de la piscine.\" \/>\n<meta name=\"robots\" content=\"index, follow, max-snippet:-1, max-image-preview:large, max-video-preview:-1\" \/>\n<link rel=\"canonical\" href=\"https:\/\/leclosduboisplage.com\/en\/politique-de-confidentialite\/\" \/>\n<meta property=\"og:locale\" content=\"en_GB\" \/>\n<meta property=\"og:type\" content=\"article\" \/>\n<meta property=\"og:title\" content=\"POLITIQUE DE CONFIDENTIALIT\u00c9 - le clos du bois plage Maison d&#039;h\u00f4tes ile de r\u00e9 POLITIQUE DE CONFIDENTIALIT\u00c9\" \/>\n<meta property=\"og:description\" content=\"Magnifique maison R\u00e9taise, d\u00e9cor\u00e9e avec go\u00fbt, \u00e0 quelques pas d\u2019une des plus grande plage de l\u2019 \u00eele. Venez vous d\u00e9tendre au bord de cette superbe piscine chauff\u00e9e, \u00e0 l\u2019ombre de nos Oliviers. Vous pourrez prendre votre petit d\u00e9jeuner dans votre patio privatif ou profiter du coucher du soleil au bord de la piscine.\" \/>\n<meta property=\"og:url\" content=\"https:\/\/leclosduboisplage.com\/en\/politique-de-confidentialite\/\" \/>\n<meta property=\"og:site_name\" content=\"le clos du bois plage\" \/>\n<meta property=\"article:publisher\" content=\"https:\/\/www.facebook.com\/Leclosduboisplage-106994337750617\/?view_public_for=106994337750617\" \/>\n<meta property=\"article:modified_time\" content=\"2020-07-16T11:56:59+00:00\" \/>\n<meta property=\"og:image\" content=\"https:\/\/leclosduboisplage.com\/wp-content\/uploads\/2021\/07\/chambres-hotes-ile-de-re-3.jpg\" \/>\n\t<meta property=\"og:image:width\" content=\"1100\" \/>\n\t<meta property=\"og:image:height\" content=\"733\" \/>\n\t<meta property=\"og:image:type\" content=\"image\/jpeg\" \/>\n<meta name=\"twitter:label1\" content=\"Estimated reading time\" \/>\n\t<meta name=\"twitter:data1\" content=\"5 minutes\" \/>\n<script type=\"application\/ld+json\" class=\"yoast-schema-graph\">{\"@context\":\"https:\\\/\\\/schema.org\",\"@graph\":[{\"@type\":\"WebPage\",\"@id\":\"https:\\\/\\\/leclosduboisplage.com\\\/en\\\/politique-de-confidentialite\\\/\",\"url\":\"https:\\\/\\\/leclosduboisplage.com\\\/en\\\/politique-de-confidentialite\\\/\",\"name\":\"POLITIQUE DE CONFIDENTIALIT\u00c9 - le clos du bois plage Maison d'h\u00f4tes ile de r\u00e9 POLITIQUE DE CONFIDENTIALIT\u00c9\",\"isPartOf\":{\"@id\":\"https:\\\/\\\/leclosduboisplage.com\\\/#website\"},\"datePublished\":\"2020-02-25T12:07:45+00:00\",\"dateModified\":\"2020-07-16T11:56:59+00:00\",\"description\":\"Magnifique maison R\u00e9taise, d\u00e9cor\u00e9e avec go\u00fbt, \u00e0 quelques pas d\u2019une des plus grande plage de l\u2019 \u00eele. Venez vous d\u00e9tendre au bord de cette superbe piscine chauff\u00e9e, \u00e0 l\u2019ombre de nos Oliviers. Vous pourrez prendre votre petit d\u00e9jeuner dans votre patio privatif ou profiter du coucher du soleil au bord de la piscine.\",\"breadcrumb\":{\"@id\":\"https:\\\/\\\/leclosduboisplage.com\\\/en\\\/politique-de-confidentialite\\\/#breadcrumb\"},\"inLanguage\":\"en-GB\",\"potentialAction\":[{\"@type\":\"ReadAction\",\"target\":[\"https:\\\/\\\/leclosduboisplage.com\\\/en\\\/politique-de-confidentialite\\\/\"]}]},{\"@type\":\"BreadcrumbList\",\"@id\":\"https:\\\/\\\/leclosduboisplage.com\\\/en\\\/politique-de-confidentialite\\\/#breadcrumb\",\"itemListElement\":[{\"@type\":\"ListItem\",\"position\":1,\"name\":\"Maison d\u2019h\u00f4tes \u00eele de r\u00e9\",\"item\":\"https:\\\/\\\/leclosduboisplage.com\\\/\"},{\"@type\":\"ListItem\",\"position\":2,\"name\":\"POLITIQUE DE CONFIDENTIALIT\u00c9\"}]},{\"@type\":\"WebSite\",\"@id\":\"https:\\\/\\\/leclosduboisplage.com\\\/#website\",\"url\":\"https:\\\/\\\/leclosduboisplage.com\\\/\",\"name\":\"le clos du bois plage\",\"description\":\"Nouvelle maison d&#039;h\u00f4tes \u00e0 Bois Plage en R\u00e9. Lieu d&#039;exception\",\"publisher\":{\"@id\":\"https:\\\/\\\/leclosduboisplage.com\\\/#organization\"},\"alternateName\":\"chambres-d-hotes-maison-d-hotes-ile-de-r\u00e9\",\"potentialAction\":[{\"@type\":\"SearchAction\",\"target\":{\"@type\":\"EntryPoint\",\"urlTemplate\":\"https:\\\/\\\/leclosduboisplage.com\\\/?s={search_term_string}\"},\"query-input\":{\"@type\":\"PropertyValueSpecification\",\"valueRequired\":true,\"valueName\":\"search_term_string\"}}],\"inLanguage\":\"en-GB\"},{\"@type\":\"Organization\",\"@id\":\"https:\\\/\\\/leclosduboisplage.com\\\/#organization\",\"name\":\"Le Clos Du Bois Plage\",\"url\":\"https:\\\/\\\/leclosduboisplage.com\\\/\",\"logo\":{\"@type\":\"ImageObject\",\"inLanguage\":\"en-GB\",\"@id\":\"https:\\\/\\\/leclosduboisplage.com\\\/#\\\/schema\\\/logo\\\/image\\\/\",\"url\":\"https:\\\/\\\/leclosduboisplage.com\\\/wp-content\\\/uploads\\\/2020\\\/04\\\/ICON.png\",\"contentUrl\":\"https:\\\/\\\/leclosduboisplage.com\\\/wp-content\\\/uploads\\\/2020\\\/04\\\/ICON.png\",\"width\":512,\"height\":512,\"caption\":\"Le Clos Du Bois Plage\"},\"image\":{\"@id\":\"https:\\\/\\\/leclosduboisplage.com\\\/#\\\/schema\\\/logo\\\/image\\\/\"},\"sameAs\":[\"https:\\\/\\\/www.facebook.com\\\/Leclosduboisplage-106994337750617\\\/?view_public_for=106994337750617\",\"https:\\\/\\\/www.instagram.com\\\/leclosduboisplage\"]}]}<\/script>\n<!-- \/ Yoast SEO plugin. -->","yoast_head_json":{"title":"POLITIQUE DE CONFIDENTIALIT\u00c9 - le clos du bois plage Maison d'h\u00f4tes ile de r\u00e9 POLITIQUE DE CONFIDENTIALIT\u00c9","description":"Discover this splendid \u00eele de R\u00e9 house, tastefully decorated in the village of Le Bois Plage en R\u00e9 a stone\u2019s throw from one of the largest beaches of the island. Come and relax by this superb heated pool, beneath the shady olive trees. You can have breakfast in your private patio or enjoy the sunset by the pool.","robots":{"index":"index","follow":"follow","max-snippet":"max-snippet:-1","max-image-preview":"max-image-preview:large","max-video-preview":"max-video-preview:-1"},"canonical":"https:\/\/leclosduboisplage.com\/en\/politique-de-confidentialite\/","og_locale":"en_GB","og_type":"article","og_title":"POLITIQUE DE CONFIDENTIALIT\u00c9 - le clos du bois plage Maison d'h\u00f4tes ile de r\u00e9 POLITIQUE DE CONFIDENTIALIT\u00c9","og_description":"Magnifique maison R\u00e9taise, d\u00e9cor\u00e9e avec go\u00fbt, \u00e0 quelques pas d\u2019une des plus grande plage de l\u2019 \u00eele. Venez vous d\u00e9tendre au bord de cette superbe piscine chauff\u00e9e, \u00e0 l\u2019ombre de nos Oliviers. Vous pourrez prendre votre petit d\u00e9jeuner dans votre patio privatif ou profiter du coucher du soleil au bord de la piscine.","og_url":"https:\/\/leclosduboisplage.com\/en\/politique-de-confidentialite\/","og_site_name":"le clos du bois plage","article_publisher":"https:\/\/www.facebook.com\/Leclosduboisplage-106994337750617\/?view_public_for=106994337750617","article_modified_time":"2020-07-16T11:56:59+00:00","og_image":[{"width":1100,"height":733,"url":"https:\/\/leclosduboisplage.com\/wp-content\/uploads\/2021\/07\/chambres-hotes-ile-de-re-3.jpg","type":"image\/jpeg"}],"twitter_misc":{"Estimated reading time":"5 minutes"},"schema":{"@context":"https:\/\/schema.org","@graph":[{"@type":"WebPage","@id":"https:\/\/leclosduboisplage.com\/en\/politique-de-confidentialite\/","url":"https:\/\/leclosduboisplage.com\/en\/politique-de-confidentialite\/","name":"POLITIQUE DE CONFIDENTIALIT\u00c9 - le clos du bois plage Maison d'h\u00f4tes ile de r\u00e9 POLITIQUE DE CONFIDENTIALIT\u00c9","isPartOf":{"@id":"https:\/\/leclosduboisplage.com\/#website"},"datePublished":"2020-02-25T12:07:45+00:00","dateModified":"2020-07-16T11:56:59+00:00","description":"Discover this splendid \u00eele de R\u00e9 house, tastefully decorated in the village of Le Bois Plage en R\u00e9 a stone\u2019s throw from one of the largest beaches of the island. Come and relax by this superb heated pool, beneath the shady olive trees. You can have breakfast in your private patio or enjoy the sunset by the pool.","breadcrumb":{"@id":"https:\/\/leclosduboisplage.com\/en\/politique-de-confidentialite\/#breadcrumb"},"inLanguage":"en-GB","potentialAction":[{"@type":"ReadAction","target":["https:\/\/leclosduboisplage.com\/en\/politique-de-confidentialite\/"]}]},{"@type":"BreadcrumbList","@id":"https:\/\/leclosduboisplage.com\/en\/politique-de-confidentialite\/#breadcrumb","itemListElement":[{"@type":"ListItem","position":1,"name":"Maison d\u2019h\u00f4tes \u00eele de r\u00e9","item":"https:\/\/leclosduboisplage.com\/"},{"@type":"ListItem","position":2,"name":"POLITIQUE DE CONFIDENTIALIT\u00c9"}]},{"@type":"WebSite","@id":"https:\/\/leclosduboisplage.com\/#website","url":"https:\/\/leclosduboisplage.com\/","name":"le clos du bois plage","description":"Nouvelle maison d&#039;h\u00f4tes \u00e0 Bois Plage en R\u00e9. Lieu d&#039;exception","publisher":{"@id":"https:\/\/leclosduboisplage.com\/#organization"},"alternateName":"chambres-d-hotes-maison-d-hotes-ile-de-r\u00e9","potentialAction":[{"@type":"SearchAction","target":{"@type":"EntryPoint","urlTemplate":"https:\/\/leclosduboisplage.com\/?s={search_term_string}"},"query-input":{"@type":"PropertyValueSpecification","valueRequired":true,"valueName":"search_term_string"}}],"inLanguage":"en-GB"},{"@type":"Organization","@id":"https:\/\/leclosduboisplage.com\/#organization","name":"Le Clos Du Bois Plage","url":"https:\/\/leclosduboisplage.com\/","logo":{"@type":"ImageObject","inLanguage":"en-GB","@id":"https:\/\/leclosduboisplage.com\/#\/schema\/logo\/image\/","url":"https:\/\/leclosduboisplage.com\/wp-content\/uploads\/2020\/04\/ICON.png","contentUrl":"https:\/\/leclosduboisplage.com\/wp-content\/uploads\/2020\/04\/ICON.png","width":512,"height":512,"caption":"Le Clos Du Bois Plage"},"image":{"@id":"https:\/\/leclosduboisplage.com\/#\/schema\/logo\/image\/"},"sameAs":["https:\/\/www.facebook.com\/Leclosduboisplage-106994337750617\/?view_public_for=106994337750617","https:\/\/www.instagram.com\/leclosduboisplage"]}]}},"_links":{"self":[{"href":"https:\/\/leclosduboisplage.com\/en\/wp-json\/wp\/v2\/pages\/3","targetHints":{"allow":["GET"]}}],"collection":[{"href":"https:\/\/leclosduboisplage.com\/en\/wp-json\/wp\/v2\/pages"}],"about":[{"href":"https:\/\/leclosduboisplage.com\/en\/wp-json\/wp\/v2\/types\/page"}],"author":[{"embeddable":true,"href":"https:\/\/leclosduboisplage.com\/en\/wp-json\/wp\/v2\/users\/1"}],"replies":[{"embeddable":true,"href":"https:\/\/leclosduboisplage.com\/en\/wp-json\/wp\/v2\/comments?post=3"}],"version-history":[{"count":0,"href":"https:\/\/leclosduboisplage.com\/en\/wp-json\/wp\/v2\/pages\/3\/revisions"}],"wp:attachment":[{"href":"https:\/\/leclosduboisplage.com\/en\/wp-json\/wp\/v2\/media?parent=3"}],"curies":[{"name":"wp","href":"https:\/\/api.w.org\/{rel}","templated":true}]}}