{"id":124,"date":"2017-05-31T05:05:41","date_gmt":"2017-05-31T03:05:41","guid":{"rendered":"https:\/\/import.themovation.com\/embark\/walking-tours\/?page_id=167"},"modified":"2024-03-26T16:24:18","modified_gmt":"2024-03-26T15:24:18","slug":"contact-2","status":"publish","type":"page","link":"https:\/\/leclosduboisplage.com\/en\/contact-2\/","title":{"rendered":"Contact"},"content":{"rendered":"<div data-elementor-type=\"wp-post\" data-elementor-id=\"124\" class=\"elementor elementor-124\">\n\t\t\t\t\t\t<section class=\"elementor-section elementor-top-section elementor-element elementor-element-7e16a34 elementor-section-height-min-height elementor-section-full_width elementor-section-height-default elementor-section-items-middle\" data-id=\"7e16a34\" data-element_type=\"section\" data-e-type=\"section\" data-settings=\"{&quot;background_background&quot;:&quot;classic&quot;}\">\n\t\t\t\t\t\t\t<div class=\"elementor-background-overlay\"><\/div>\n\t\t\t\t\t\t\t<div class=\"elementor-container elementor-column-gap-default\">\n\t\t\t\t\t<div class=\"elementor-column elementor-col-100 elementor-top-column elementor-element elementor-element-2661553\" data-id=\"2661553\" data-element_type=\"column\" data-e-type=\"column\">\n\t\t\t<div class=\"elementor-widget-wrap\">\n\t\t\t\t\t\t\t<\/div>\n\t\t<\/div>\n\t\t\t\t\t<\/div>\n\t\t<\/section>\n\t\t\t\t<section class=\"elementor-section elementor-top-section elementor-element elementor-element-o7twky5 elementor-section-boxed elementor-section-height-default elementor-section-height-default\" data-id=\"o7twky5\" data-element_type=\"section\" data-e-type=\"section\">\n\t\t\t\t\t\t<div class=\"elementor-container elementor-column-gap-extended\">\n\t\t\t\t\t<div class=\"elementor-column elementor-col-50 elementor-top-column elementor-element elementor-element-xcn0qg2\" data-id=\"xcn0qg2\" data-element_type=\"column\" data-e-type=\"column\">\n\t\t\t<div class=\"elementor-widget-wrap elementor-element-populated\">\n\t\t\t\t\t\t<div class=\"elementor-element elementor-element-ewkxetx elementor-position-left elementor-widget__width-initial elementor-view-default elementor-widget elementor-widget-themo-service-block\" data-id=\"ewkxetx\" data-element_type=\"widget\" data-e-type=\"widget\" data-widget_type=\"themo-service-block.default\">\n\t\t\t\t<div class=\"elementor-widget-container\">\n\t\t\t\t\t\t\t<div class=\"th-service-block-w\">\n            <div class=\"elementor-icon-box-wrapper th-show-icon\">\n                                    <div class=\"elementor-icon-box-icon th-icon-size-sm\">\n                        <a class=\"elementor-icon\" href=\"tel:+33%2006%2070%2011%2099%2071\" target=\"_blank\">\n                            <i aria-hidden=\"true\" class=\"fasth-linea icon-basic-smartphone\"><\/i>                        <\/a>\n                    <\/div>\n                                <div class=\"elementor-icon-box-content\">\n                    <h6 class=\"elementor-icon-box-title\">\n                        <a href=\"tel:+33%2006%2070%2011%2099%2071\" target=\"_blank\">You have a question ? Do not hesitate to contact us at the guest house Le Clos du Bois Plage in Bois plage en R\u00e9 at:<\/a>\n                    <\/h6>\n                    <p class=\"elementor-icon-box-description\">+33 (0)6 70 11 99 71<\/p>\n                <\/div>\n            <\/div>\n\n        <\/div>\n\n\t\t\t\t\t\t<\/div>\n\t\t\t\t<\/div>\n\t\t\t\t<div class=\"elementor-element elementor-element-chif2hj elementor-widget elementor-widget-spacer\" data-id=\"chif2hj\" data-element_type=\"widget\" data-e-type=\"widget\" data-widget_type=\"spacer.default\">\n\t\t\t\t<div class=\"elementor-widget-container\">\n\t\t\t\t\t\t\t<div class=\"elementor-spacer\">\n\t\t\t<div class=\"elementor-spacer-inner\"><\/div>\n\t\t<\/div>\n\t\t\t\t\t\t<\/div>\n\t\t\t\t<\/div>\n\t\t\t\t<div class=\"elementor-element elementor-element-pinzlyz elementor-position-left elementor-view-default elementor-widget elementor-widget-themo-service-block\" data-id=\"pinzlyz\" data-element_type=\"widget\" data-e-type=\"widget\" data-widget_type=\"themo-service-block.default\">\n\t\t\t\t<div class=\"elementor-widget-container\">\n\t\t\t\t\t\t\t<div class=\"th-service-block-w\">\n            <div class=\"elementor-icon-box-wrapper th-show-icon\">\n                                    <div class=\"elementor-icon-box-icon th-icon-size-sm\">\n                        <span class=\"elementor-icon\" >\n                            <i aria-hidden=\"true\" class=\"fasth-linea icon-basic-mail\"><\/i>                        <\/span>\n                    <\/div>\n                                <div class=\"elementor-icon-box-content\">\n                    <h6 class=\"elementor-icon-box-title\">\n                        <span >Send us an e-mail<\/span>\n                    <\/h6>\n                    <p class=\"elementor-icon-box-description\">Please fill out the form <\/p>\n                <\/div>\n            <\/div>\n\n        <\/div>\n\n\t\t\t\t\t\t<\/div>\n\t\t\t\t<\/div>\n\t\t\t\t<div class=\"elementor-element elementor-element-5p7axkt elementor-widget elementor-widget-spacer\" data-id=\"5p7axkt\" data-element_type=\"widget\" data-e-type=\"widget\" data-widget_type=\"spacer.default\">\n\t\t\t\t<div class=\"elementor-widget-container\">\n\t\t\t\t\t\t\t<div class=\"elementor-spacer\">\n\t\t\t<div class=\"elementor-spacer-inner\"><\/div>\n\t\t<\/div>\n\t\t\t\t\t\t<\/div>\n\t\t\t\t<\/div>\n\t\t\t\t<div class=\"elementor-element elementor-element-kfel6yx elementor-position-left elementor-view-default elementor-widget elementor-widget-themo-service-block\" data-id=\"kfel6yx\" data-element_type=\"widget\" data-e-type=\"widget\" data-widget_type=\"themo-service-block.default\">\n\t\t\t\t<div class=\"elementor-widget-container\">\n\t\t\t\t\t\t\t<div class=\"th-service-block-w\">\n            <div class=\"elementor-icon-box-wrapper th-show-icon\">\n                                    <div class=\"elementor-icon-box-icon th-icon-size-sm\">\n                        <a class=\"elementor-icon\" href=\"#plan\">\n                            <i aria-hidden=\"true\" class=\"fasth-trip travelpack-location-pin-1\"><\/i>                        <\/a>\n                    <\/div>\n                                <div class=\"elementor-icon-box-content\">\n                    <h6 class=\"elementor-icon-box-title\">\n                        <a href=\"#plan\">See the map<\/a>\n                    <\/h6>\n                    <p class=\"elementor-icon-box-description\">121 rue Raise Maritaise\n17580 le Bois Plage en R\u00e9\nIle de R\u00e9<\/p>\n                <\/div>\n            <\/div>\n\n        <\/div>\n\n\t\t\t\t\t\t<\/div>\n\t\t\t\t<\/div>\n\t\t\t\t\t<\/div>\n\t\t<\/div>\n\t\t\t\t<div class=\"elementor-column elementor-col-50 elementor-top-column elementor-element elementor-element-mfjhgsy\" data-id=\"mfjhgsy\" data-element_type=\"column\" data-e-type=\"column\">\n\t\t\t<div class=\"elementor-widget-wrap elementor-element-populated\">\n\t\t\t\t\t\t<div class=\"elementor-element elementor-element-f5d957b elementor-widget elementor-widget-shortcode\" data-id=\"f5d957b\" data-element_type=\"widget\" data-e-type=\"widget\" data-widget_type=\"shortcode.default\">\n\t\t\t\t<div class=\"elementor-widget-container\">\n\t\t\t\t\t\t\t<div class=\"elementor-shortcode\">\n<div class=\"wpcf7 no-js\" id=\"wpcf7-f2929-o1\" lang=\"fr-FR\" dir=\"ltr\" data-wpcf7-id=\"2929\">\n<div class=\"screen-reader-response\"><p role=\"status\" aria-live=\"polite\" aria-atomic=\"true\"><\/p> <ul><\/ul><\/div>\n<form action=\"\/en\/wp-json\/wp\/v2\/pages\/124#wpcf7-f2929-o1\" method=\"post\" class=\"wpcf7-form init\" aria-label=\"Formulaire de contact\" novalidate=\"novalidate\" data-status=\"init\" data-trp-original-action=\"\/en\/wp-json\/wp\/v2\/pages\/124#wpcf7-f2929-o1\">\n<fieldset class=\"hidden-fields-container\"><input type=\"hidden\" name=\"_wpcf7\" value=\"2929\" \/><input type=\"hidden\" name=\"_wpcf7_version\" value=\"6.1.5\" \/><input type=\"hidden\" name=\"_wpcf7_locale\" value=\"fr_FR\" \/><input type=\"hidden\" name=\"_wpcf7_unit_tag\" value=\"wpcf7-f2929-o1\" \/><input type=\"hidden\" name=\"_wpcf7_container_post\" value=\"0\" \/><input type=\"hidden\" name=\"_wpcf7_posted_data_hash\" value=\"\" \/><input type=\"hidden\" name=\"_wpcf7_recaptcha_response\" value=\"\" \/>\n<\/fieldset>\n<p><label> Your name<br \/>\n<span class=\"wpcf7-form-control-wrap\" data-name=\"your-name\"><input size=\"40\" maxlength=\"400\" class=\"wpcf7-form-control wpcf7-text wpcf7-validates-as-required\" aria-required=\"true\" aria-invalid=\"false\" value=\"\" type=\"text\" name=\"your-name\" \/><\/span> <\/label>\n<\/p>\n<p><label> Your e-mail<br \/>\n<span class=\"wpcf7-form-control-wrap\" data-name=\"your-email\"><input size=\"40\" maxlength=\"400\" class=\"wpcf7-form-control wpcf7-email wpcf7-validates-as-required wpcf7-text wpcf7-validates-as-email\" aria-required=\"true\" aria-invalid=\"false\" value=\"\" type=\"email\" name=\"your-email\" \/><\/span> <\/label>\n<\/p>\n<p><label> Object<br \/>\n<span class=\"wpcf7-form-control-wrap\" data-name=\"your-subject\"><input size=\"40\" maxlength=\"400\" class=\"wpcf7-form-control wpcf7-text\" aria-invalid=\"false\" value=\"\" type=\"text\" name=\"your-subject\" \/><\/span> <\/label>\n<\/p>\n<p><label> Your message<br \/>\n<span class=\"wpcf7-form-control-wrap\" data-name=\"your-message\"><textarea cols=\"40\" rows=\"10\" maxlength=\"2000\" class=\"wpcf7-form-control wpcf7-textarea\" aria-invalid=\"false\" name=\"your-message\"><\/textarea><\/span> <\/label>\n<\/p>\n<p><input class=\"wpcf7-form-control wpcf7-submit has-spinner\" type=\"submit\" value=\"Submit\" \/><span class=\"wpcf7-form-control-wrap\" data-name=\"acceptance-749\"><span class=\"wpcf7-form-control wpcf7-acceptance\"><span class=\"wpcf7-list-item\"><input type=\"checkbox\" name=\"acceptance-749\" value=\"1\" aria-invalid=\"false\" \/><\/span><\/span><\/span> Check the box\n<\/p><div class=\"wpcf7-response-output\" aria-hidden=\"true\"><\/div>\n<input type=\"hidden\" name=\"trp-form-language\" value=\"en\"\/><\/form>\n<\/div>\n<\/div>\n\t\t\t\t\t\t<\/div>\n\t\t\t\t<\/div>\n\t\t\t\t\t<\/div>\n\t\t<\/div>\n\t\t\t\t\t<\/div>\n\t\t<\/section>\n\t\t\t\t<section class=\"elementor-section elementor-top-section elementor-element elementor-element-9diqe2l elementor-section-full_width elementor-section-height-default elementor-section-height-default\" data-id=\"9diqe2l\" data-element_type=\"section\" data-e-type=\"section\">\n\t\t\t\t\t\t<div class=\"elementor-container elementor-column-gap-no\">\n\t\t\t\t\t<div class=\"elementor-column elementor-col-100 elementor-top-column elementor-element elementor-element-euwlt2i\" data-id=\"euwlt2i\" data-element_type=\"column\" data-e-type=\"column\">\n\t\t\t<div class=\"elementor-widget-wrap elementor-element-populated\">\n\t\t\t\t\t\t<div class=\"elementor-element elementor-element-2e96c4e elementor-widget elementor-widget-spacer\" data-id=\"2e96c4e\" data-element_type=\"widget\" data-e-type=\"widget\" data-widget_type=\"spacer.default\">\n\t\t\t\t<div class=\"elementor-widget-container\">\n\t\t\t\t\t\t\t<div class=\"elementor-spacer\">\n\t\t\t<div class=\"elementor-spacer-inner\"><\/div>\n\t\t<\/div>\n\t\t\t\t\t\t<\/div>\n\t\t\t\t<\/div>\n\t\t\t\t\t<\/div>\n\t\t<\/div>\n\t\t\t\t\t<\/div>\n\t\t<\/section>\n\t\t\t\t<section class=\"elementor-section elementor-top-section elementor-element elementor-element-d6b77b3 elementor-section-full_width elementor-section-height-default elementor-section-height-default\" data-id=\"d6b77b3\" data-element_type=\"section\" data-e-type=\"section\">\n\t\t\t\t\t\t<div class=\"elementor-container elementor-column-gap-no\">\n\t\t\t\t\t<div class=\"elementor-column elementor-col-100 elementor-top-column elementor-element elementor-element-6e947cd\" data-id=\"6e947cd\" data-element_type=\"column\" data-e-type=\"column\">\n\t\t\t<div class=\"elementor-widget-wrap elementor-element-populated\">\n\t\t\t\t\t\t<div class=\"elementor-element elementor-element-3a81c70 elementor-widget elementor-widget-spacer\" data-id=\"3a81c70\" data-element_type=\"widget\" data-e-type=\"widget\" data-widget_type=\"spacer.default\">\n\t\t\t\t<div class=\"elementor-widget-container\">\n\t\t\t\t\t\t\t<div class=\"elementor-spacer\">\n\t\t\t<div class=\"elementor-spacer-inner\"><\/div>\n\t\t<\/div>\n\t\t\t\t\t\t<\/div>\n\t\t\t\t<\/div>\n\t\t\t\t<div class=\"elementor-element elementor-element-f3f9154 elementor-widget elementor-widget-menu-anchor\" data-id=\"f3f9154\" data-element_type=\"widget\" data-e-type=\"widget\" data-widget_type=\"menu-anchor.default\">\n\t\t\t\t<div class=\"elementor-widget-container\">\n\t\t\t\t\t\t\t<div class=\"elementor-menu-anchor\" id=\"plan\"><\/div>\n\t\t\t\t\t\t<\/div>\n\t\t\t\t<\/div>\n\t\t\t\t<div class=\"elementor-element elementor-element-4b24e86 elementor-view-default elementor-position-top elementor-widget elementor-widget-themo-header\" data-id=\"4b24e86\" data-element_type=\"widget\" data-e-type=\"widget\" data-widget_type=\"themo-header.default\">\n\t\t\t\t<div class=\"elementor-widget-container\">\n\t\t\t\t\t\t\t<div class=\"th-header-wrap\">\n        <div class=\"elementor-icon-box-wrapper th-show-icon\">\n                            <div class=\"elementor-icon-box-icon th-icon-size-sm\">\n                    <span class=\"elementor-icon\">\n                        <i aria-hidden=\"true\" class=\"fasth-trip travelpack-reading-glasses\"><\/i>                    <\/span>\n                <\/div>\n                                <div class=\"elementor-icon-box-content\">\n                    <h1 class=\"elementor-icon-box-title\">\n                        Frequently asked Questions                    <\/h1>\n                                        <p class=\"elementor-icon-box-description\"><\/p>\n\n                                    <\/div>\n            <\/div>\n\n        <\/div>\n\n\t\t\t\t\t\t<\/div>\n\t\t\t\t<\/div>\n\t\t\t\t<div class=\"elementor-element elementor-element-58b1be9 elementor-widget elementor-widget-themo-itinerary\" data-id=\"58b1be9\" data-element_type=\"widget\" data-e-type=\"widget\" data-widget_type=\"themo-itinerary.default\">\n\t\t\t\t<div class=\"elementor-widget-container\">\n\t\t\t\t\t\t\t<div class=\"th-itinerary th-itin-narrow th-itin-left\">\n\t\t\t\t\t\t\t\t\t\t<div class=\"th-itin-single th-itin-active\">\n\t\t\t\t\t<i class=\"th-itin-icon fa fa-circle-o\"><\/i>\n\t\t\t\t\t<div class=\"th-itin-title\">\n\t\t\t\t\t\t<span>Can we have dinner?<\/span>\n\t\t\t\t\t<\/div>\n\t\t\t\t\t<div class=\"th-itin-content\">\n\t\t\t\t\t\tYes, possibility to have a snack in the evening. \t\t\t\t\t<\/div>\n\t\t\t\t<\/div>\n\t\t\t\t\t\t\t<div class=\"th-itin-single th-itin-inactive\">\n\t\t\t\t\t<i class=\"th-itin-icon fa fa-circle-o\"><\/i>\n\t\t\t\t\t<div class=\"th-itin-title\">\n\t\t\t\t\t\t<span>Why adults only ?<\/span>\n\t\t\t\t\t<\/div>\n\t\t\t\t\t<div class=\"th-itin-content\">\n\t\t\t\t\t\tThe house is not suitable for children.\t\t\t\t\t<\/div>\n\t\t\t\t<\/div>\n\t\t\t\t\t<\/div>\n\t\t\t\t\t\t<\/div>\n\t\t\t\t<\/div>\n\t\t\t\t\t<\/div>\n\t\t<\/div>\n\t\t\t\t\t<\/div>\n\t\t<\/section>\n\t\t\t\t<section class=\"elementor-section elementor-top-section elementor-element elementor-element-a8bc149 elementor-section-full_width elementor-section-stretched elementor-section-height-default elementor-section-height-default\" data-id=\"a8bc149\" data-element_type=\"section\" data-e-type=\"section\" data-settings=\"{&quot;stretch_section&quot;:&quot;section-stretched&quot;}\">\n\t\t\t\t\t\t<div class=\"elementor-container elementor-column-gap-default\">\n\t\t\t\t\t<div class=\"elementor-column elementor-col-100 elementor-top-column elementor-element elementor-element-d43163a\" data-id=\"d43163a\" data-element_type=\"column\" data-e-type=\"column\">\n\t\t\t<div class=\"elementor-widget-wrap elementor-element-populated\">\n\t\t\t\t\t\t<div class=\"elementor-element elementor-element-91dcebd elementor-widget elementor-widget-google_maps\" data-id=\"91dcebd\" data-element_type=\"widget\" data-e-type=\"widget\" data-widget_type=\"google_maps.default\">\n\t\t\t\t<div class=\"elementor-widget-container\">\n\t\t\t\t\t\t\t<div class=\"elementor-custom-embed\">\n\t\t\t<iframe loading=\"lazy\"\n\t\t\t\t\tsrc=\"https:\/\/maps.google.com\/maps?q=121%20rue%20Raise%20Maritaise%2017580%20le%20Bois%20Plage%20en%20R%C3%A9%20Ile%20de%20R%C3%A9&#038;t=m&#038;z=12&#038;output=embed&#038;iwloc=near\"\n\t\t\t\t\ttitle=\"121 rue Raise Maritaise 17580 le Bois Plage en R\u00e9 Ile de R\u00e9\"\n\t\t\t\t\taria-label=\"121 rue Raise Maritaise 17580 le Bois Plage en R\u00e9 Ile de R\u00e9\"\n\t\t\t><\/iframe>\n\t\t<\/div>\n\t\t\t\t\t\t<\/div>\n\t\t\t\t<\/div>\n\t\t\t\t\t<\/div>\n\t\t<\/div>\n\t\t\t\t\t<\/div>\n\t\t<\/section>\n\t\t\t\t<\/div>","protected":false},"excerpt":{"rendered":"<p>vous avez une question ? N&#039;h\u00e9sitez pas \u00e0 nous contacter \u00e0 la maison d&#039;h\u00f4te Le Clos du Bois Plage \u00e0 Bois plage en r\u00e9 au : +33 (0)6 70 11 99 71 Envoyez nous un mail Merci de remplir le &hellip; <a href=\"https:\/\/leclosduboisplage.com\/en\/contact-2\/\">Read More<\/a><\/p>","protected":false},"author":1,"featured_media":0,"parent":0,"menu_order":4,"comment_status":"closed","ping_status":"closed","template":"","meta":{"footnotes":""},"class_list":["post-124","page","type-page","status-publish","hentry"],"yoast_head":"<!-- This site is optimized with the Yoast SEO plugin v27.5 - https:\/\/yoast.com\/product\/yoast-seo-wordpress\/ -->\n<title>maison hote ile de r\u00e9<\/title>\n<meta name=\"description\" content=\"Magnifique maison R\u00e9taise, d\u00e9cor\u00e9e avec go\u00fbt, \u00e0 quelques pas d\u2019une des plus grande plage de l\u2019 \u00eele. Venez vous d\u00e9tendre au bord de cette superbe piscine chauff\u00e9e, \u00e0 l\u2019ombre de nos Oliviers. Vous pourrez prendre votre petit d\u00e9jeuner dans votre patio privatif ou profiter du coucher du soleil au bord de la piscine.\" \/>\n<meta name=\"robots\" content=\"index, follow, max-snippet:-1, max-image-preview:large, max-video-preview:-1\" \/>\n<link rel=\"canonical\" href=\"https:\/\/leclosduboisplage.com\/en\/contact-2\/\" \/>\n<meta property=\"og:locale\" content=\"en_GB\" \/>\n<meta property=\"og:type\" content=\"article\" \/>\n<meta property=\"og:title\" content=\"maison hote ile de r\u00e9\" \/>\n<meta property=\"og:description\" content=\"Magnifique maison R\u00e9taise, d\u00e9cor\u00e9e avec go\u00fbt, \u00e0 quelques pas d\u2019une des plus grande plage de l\u2019 \u00eele. Venez vous d\u00e9tendre au bord de cette superbe piscine chauff\u00e9e, \u00e0 l\u2019ombre de nos Oliviers. Vous pourrez prendre votre petit d\u00e9jeuner dans votre patio privatif ou profiter du coucher du soleil au bord de la piscine.\" \/>\n<meta property=\"og:url\" content=\"https:\/\/leclosduboisplage.com\/en\/contact-2\/\" \/>\n<meta property=\"og:site_name\" content=\"le clos du bois plage\" \/>\n<meta property=\"article:publisher\" content=\"https:\/\/www.facebook.com\/Leclosduboisplage-106994337750617\/?view_public_for=106994337750617\" \/>\n<meta property=\"article:modified_time\" content=\"2024-03-26T15:24:18+00:00\" \/>\n<meta property=\"og:image\" content=\"https:\/\/leclosduboisplage.com\/wp-content\/uploads\/2021\/07\/chambres-hotes-ile-de-re-3.jpg\" \/>\n\t<meta property=\"og:image:width\" content=\"1100\" \/>\n\t<meta property=\"og:image:height\" content=\"733\" \/>\n\t<meta property=\"og:image:type\" content=\"image\/jpeg\" \/>\n<meta name=\"twitter:label1\" content=\"Estimated reading time\" \/>\n\t<meta name=\"twitter:data1\" content=\"1 minute\" \/>\n<script type=\"application\/ld+json\" class=\"yoast-schema-graph\">{\"@context\":\"https:\\\/\\\/schema.org\",\"@graph\":[{\"@type\":\"WebPage\",\"@id\":\"https:\\\/\\\/leclosduboisplage.com\\\/contact-2\\\/\",\"url\":\"https:\\\/\\\/leclosduboisplage.com\\\/contact-2\\\/\",\"name\":\"maison hote ile de r\u00e9\",\"isPartOf\":{\"@id\":\"https:\\\/\\\/leclosduboisplage.com\\\/#website\"},\"datePublished\":\"2017-05-31T03:05:41+00:00\",\"dateModified\":\"2024-03-26T15:24:18+00:00\",\"description\":\"Magnifique maison R\u00e9taise, d\u00e9cor\u00e9e avec go\u00fbt, \u00e0 quelques pas d\u2019une des plus grande plage de l\u2019 \u00eele. Venez vous d\u00e9tendre au bord de cette superbe piscine chauff\u00e9e, \u00e0 l\u2019ombre de nos Oliviers. Vous pourrez prendre votre petit d\u00e9jeuner dans votre patio privatif ou profiter du coucher du soleil au bord de la piscine.\",\"breadcrumb\":{\"@id\":\"https:\\\/\\\/leclosduboisplage.com\\\/contact-2\\\/#breadcrumb\"},\"inLanguage\":\"en-GB\",\"potentialAction\":[{\"@type\":\"ReadAction\",\"target\":[\"https:\\\/\\\/leclosduboisplage.com\\\/contact-2\\\/\"]}]},{\"@type\":\"BreadcrumbList\",\"@id\":\"https:\\\/\\\/leclosduboisplage.com\\\/contact-2\\\/#breadcrumb\",\"itemListElement\":[{\"@type\":\"ListItem\",\"position\":1,\"name\":\"Maison d\u2019h\u00f4tes \u00eele de r\u00e9\",\"item\":\"https:\\\/\\\/leclosduboisplage.com\\\/\"},{\"@type\":\"ListItem\",\"position\":2,\"name\":\"Contact\"}]},{\"@type\":\"WebSite\",\"@id\":\"https:\\\/\\\/leclosduboisplage.com\\\/#website\",\"url\":\"https:\\\/\\\/leclosduboisplage.com\\\/\",\"name\":\"le clos du bois plage\",\"description\":\"Nouvelle maison d&#039;h\u00f4tes \u00e0 Bois Plage en R\u00e9. Lieu d&#039;exception\",\"publisher\":{\"@id\":\"https:\\\/\\\/leclosduboisplage.com\\\/#organization\"},\"alternateName\":\"chambres-d-hotes-maison-d-hotes-ile-de-r\u00e9\",\"potentialAction\":[{\"@type\":\"SearchAction\",\"target\":{\"@type\":\"EntryPoint\",\"urlTemplate\":\"https:\\\/\\\/leclosduboisplage.com\\\/?s={search_term_string}\"},\"query-input\":{\"@type\":\"PropertyValueSpecification\",\"valueRequired\":true,\"valueName\":\"search_term_string\"}}],\"inLanguage\":\"en-GB\"},{\"@type\":\"Organization\",\"@id\":\"https:\\\/\\\/leclosduboisplage.com\\\/#organization\",\"name\":\"Le Clos Du Bois Plage\",\"url\":\"https:\\\/\\\/leclosduboisplage.com\\\/\",\"logo\":{\"@type\":\"ImageObject\",\"inLanguage\":\"en-GB\",\"@id\":\"https:\\\/\\\/leclosduboisplage.com\\\/#\\\/schema\\\/logo\\\/image\\\/\",\"url\":\"https:\\\/\\\/leclosduboisplage.com\\\/wp-content\\\/uploads\\\/2020\\\/04\\\/ICON.png\",\"contentUrl\":\"https:\\\/\\\/leclosduboisplage.com\\\/wp-content\\\/uploads\\\/2020\\\/04\\\/ICON.png\",\"width\":512,\"height\":512,\"caption\":\"Le Clos Du Bois Plage\"},\"image\":{\"@id\":\"https:\\\/\\\/leclosduboisplage.com\\\/#\\\/schema\\\/logo\\\/image\\\/\"},\"sameAs\":[\"https:\\\/\\\/www.facebook.com\\\/Leclosduboisplage-106994337750617\\\/?view_public_for=106994337750617\",\"https:\\\/\\\/www.instagram.com\\\/leclosduboisplage\"]}]}<\/script>\n<!-- \/ Yoast SEO plugin. -->","yoast_head_json":{"title":"maison hote ile de r\u00e9","description":"Discover this splendid \u00eele de R\u00e9 house, tastefully decorated in the village of Le Bois Plage en R\u00e9 a stone\u2019s throw from one of the largest beaches of the island. Come and relax by this superb heated pool, beneath the shady olive trees. You can have breakfast in your private patio or enjoy the sunset by the pool.","robots":{"index":"index","follow":"follow","max-snippet":"max-snippet:-1","max-image-preview":"max-image-preview:large","max-video-preview":"max-video-preview:-1"},"canonical":"https:\/\/leclosduboisplage.com\/en\/contact-2\/","og_locale":"en_GB","og_type":"article","og_title":"maison hote ile de r\u00e9","og_description":"Magnifique maison R\u00e9taise, d\u00e9cor\u00e9e avec go\u00fbt, \u00e0 quelques pas d\u2019une des plus grande plage de l\u2019 \u00eele. Venez vous d\u00e9tendre au bord de cette superbe piscine chauff\u00e9e, \u00e0 l\u2019ombre de nos Oliviers. Vous pourrez prendre votre petit d\u00e9jeuner dans votre patio privatif ou profiter du coucher du soleil au bord de la piscine.","og_url":"https:\/\/leclosduboisplage.com\/en\/contact-2\/","og_site_name":"le clos du bois plage","article_publisher":"https:\/\/www.facebook.com\/Leclosduboisplage-106994337750617\/?view_public_for=106994337750617","article_modified_time":"2024-03-26T15:24:18+00:00","og_image":[{"width":1100,"height":733,"url":"https:\/\/leclosduboisplage.com\/wp-content\/uploads\/2021\/07\/chambres-hotes-ile-de-re-3.jpg","type":"image\/jpeg"}],"twitter_misc":{"Estimated reading time":"1 minute"},"schema":{"@context":"https:\/\/schema.org","@graph":[{"@type":"WebPage","@id":"https:\/\/leclosduboisplage.com\/contact-2\/","url":"https:\/\/leclosduboisplage.com\/contact-2\/","name":"maison hote ile de r\u00e9","isPartOf":{"@id":"https:\/\/leclosduboisplage.com\/#website"},"datePublished":"2017-05-31T03:05:41+00:00","dateModified":"2024-03-26T15:24:18+00:00","description":"Discover this splendid \u00eele de R\u00e9 house, tastefully decorated in the village of Le Bois Plage en R\u00e9 a stone\u2019s throw from one of the largest beaches of the island. Come and relax by this superb heated pool, beneath the shady olive trees. You can have breakfast in your private patio or enjoy the sunset by the pool.","breadcrumb":{"@id":"https:\/\/leclosduboisplage.com\/contact-2\/#breadcrumb"},"inLanguage":"en-GB","potentialAction":[{"@type":"ReadAction","target":["https:\/\/leclosduboisplage.com\/contact-2\/"]}]},{"@type":"BreadcrumbList","@id":"https:\/\/leclosduboisplage.com\/contact-2\/#breadcrumb","itemListElement":[{"@type":"ListItem","position":1,"name":"Maison d\u2019h\u00f4tes \u00eele de r\u00e9","item":"https:\/\/leclosduboisplage.com\/"},{"@type":"ListItem","position":2,"name":"Contact"}]},{"@type":"WebSite","@id":"https:\/\/leclosduboisplage.com\/#website","url":"https:\/\/leclosduboisplage.com\/","name":"le clos du bois plage","description":"Nouvelle maison d&#039;h\u00f4tes \u00e0 Bois Plage en R\u00e9. Lieu d&#039;exception","publisher":{"@id":"https:\/\/leclosduboisplage.com\/#organization"},"alternateName":"chambres-d-hotes-maison-d-hotes-ile-de-r\u00e9","potentialAction":[{"@type":"SearchAction","target":{"@type":"EntryPoint","urlTemplate":"https:\/\/leclosduboisplage.com\/?s={search_term_string}"},"query-input":{"@type":"PropertyValueSpecification","valueRequired":true,"valueName":"search_term_string"}}],"inLanguage":"en-GB"},{"@type":"Organization","@id":"https:\/\/leclosduboisplage.com\/#organization","name":"Le Clos Du Bois Plage","url":"https:\/\/leclosduboisplage.com\/","logo":{"@type":"ImageObject","inLanguage":"en-GB","@id":"https:\/\/leclosduboisplage.com\/#\/schema\/logo\/image\/","url":"https:\/\/leclosduboisplage.com\/wp-content\/uploads\/2020\/04\/ICON.png","contentUrl":"https:\/\/leclosduboisplage.com\/wp-content\/uploads\/2020\/04\/ICON.png","width":512,"height":512,"caption":"Le Clos Du Bois Plage"},"image":{"@id":"https:\/\/leclosduboisplage.com\/#\/schema\/logo\/image\/"},"sameAs":["https:\/\/www.facebook.com\/Leclosduboisplage-106994337750617\/?view_public_for=106994337750617","https:\/\/www.instagram.com\/leclosduboisplage"]}]}},"_links":{"self":[{"href":"https:\/\/leclosduboisplage.com\/en\/wp-json\/wp\/v2\/pages\/124","targetHints":{"allow":["GET"]}}],"collection":[{"href":"https:\/\/leclosduboisplage.com\/en\/wp-json\/wp\/v2\/pages"}],"about":[{"href":"https:\/\/leclosduboisplage.com\/en\/wp-json\/wp\/v2\/types\/page"}],"author":[{"embeddable":true,"href":"https:\/\/leclosduboisplage.com\/en\/wp-json\/wp\/v2\/users\/1"}],"replies":[{"embeddable":true,"href":"https:\/\/leclosduboisplage.com\/en\/wp-json\/wp\/v2\/comments?post=124"}],"version-history":[{"count":0,"href":"https:\/\/leclosduboisplage.com\/en\/wp-json\/wp\/v2\/pages\/124\/revisions"}],"wp:attachment":[{"href":"https:\/\/leclosduboisplage.com\/en\/wp-json\/wp\/v2\/media?parent=124"}],"curies":[{"name":"wp","href":"https:\/\/api.w.org\/{rel}","templated":true}]}}